{"id":314,"date":"2017-06-28T14:14:33","date_gmt":"2017-06-28T14:14:33","guid":{"rendered":"http:\/\/bencard.dev4.webkoenig.ch\/?page_id=314"},"modified":"2020-09-08T12:28:17","modified_gmt":"2020-09-08T12:28:17","slug":"cg","status":"publish","type":"page","link":"https:\/\/bencard.ch\/fr\/ueber-bencard\/cg\/","title":{"rendered":"CG"},"content":{"rendered":"<div class=\"wpb-content-wrapper\">[vc_row][vc_column][vc_column_text]\n<h2>Bencard SA : Conditions g\u00e9n\u00e9rales de vente<\/h2>\n<p>&nbsp;<\/p>\n<h4>1. Champs d\u2019application<\/h4>\n<p>Les Conditions g\u00e9n\u00e9rales de vente ci-apr\u00e8s r\u00e8glent les relations contractuelles entre Bencard SA (ci-apr\u00e8s Bencard) et ses clients. En concluant un contrat, par exemple en envoyant une commande, le client accepte express\u00e9ment les conditions commerciales de Bencard comme \u00e9tant contractuelles.<\/p>\n<h4>2. Commandes et conclusion du contrat<\/h4>\n<p>Les clients peuvent placer une commande aupr\u00e8s de Bencard soit par t\u00e9l\u00e9phone (voie orale) soit par \u00e9crit (lettre, e-mail, \u2018shop\u2019 \u00e9lectronique, fax). Toutes les commandes ainsi transmises seront valables contractuellement.<\/p>\n<h4>3. Prix<\/h4>\n<p>Les prix appliqu\u00e9s sont ceux en vigueur, selon la liste des prix de Bencard, au moment du placement de la commande. Les prix sont en Francs suisses (CHF), hors frais de port.<\/p>\n<h4>4. R\u00e9serve de propri\u00e9t\u00e9<\/h4>\n<p>Les produits livr\u00e9s restent la propri\u00e9t\u00e9 de Bencard jusqu\u2019au paiement complet de leur prix.<\/p>\n<h4>5. Rabais<\/h4>\n<p>Selon l\u2018 art. 56, para. 3, de LAMal et l\u2019art. 33, para. 3, de la LPTh, les rabais sur les produits pharmaceutiques doivent \u00eatre r\u00e9percut\u00e9s.<\/p>\n<h4>6. Livraison<\/h4>\n<p>Par la poste ou par un transporteur valid\u00e9. Les produits pharmaceutiques n\u00e9cessitant un transport avec une temp\u00e9rature contr\u00f4l\u00e9e et r\u00e9frig\u00e9r\u00e9e seront soumis aux normes GDP\/swissmedic en vigueur. Les autres produits seront emball\u00e9s ad\u00e9quatement et livr\u00e9 par la poste. Aucun envoi ne sera fait un jour avant un \u2018weekend\u2019 \/ \u2018weekend\u2019 prolong\u00e9. Le transfert de responsabilit\u00e9\/titres pour les produits transport\u00e9s se fait au moment de la livraison \u00e0 la poste.<\/p>\n<h4>7. Obligation de contr\u00f4le<\/h4>\n<p>A r\u00e9ception, le client est tenu de v\u00e9rifier que la marchandise ne comporte pas de vice \u00e9ventuel et que la commande est compl\u00e8te. Une r\u00e9clamation \u00e9ventuelle doit nous parvenir en l\u2019espace de 2 jours ouvrables et par \u00e9crit. Le d\u00e9faut de r\u00e9clamation de la part de l\u2019acheteur vaut approbation des marchandises livr\u00e9es.<\/p>\n<h4>8. Renvois des marchandises<\/h4>\n<p>Suite \u00e0 une r\u00e9clamation justifi\u00e9e, effectu\u00e9e dans les d\u00e9lais et apr\u00e8s r\u00e9ception en retour de la marchandise d\u00e9fectueuse, un rem-placement sera envoy\u00e9, par Bencard, dans les 10 jours, par poste. Pour des raisons d\u2019hygi\u00e8ne m\u00e9dicale, le retour des m\u00e9dicaments (Polvac) et des solutions pour tests cutan\u00e9 n\u2019est pas possible, sauf pour \u00eatre d\u00e9truits par nos soins. Les autres articles seront trait\u00e9s selon les r\u00e8gles d\u2019usage. Pour les produits Mission:Allergy, et pour des raisons hygi\u00e9niques, un \u00e9change ou un renvoi de la marchandise, dans les 10 jours, n\u2019est acceptable que si les emballages d\u2019origine reste scell\u00e9 et n\u2019auront pas \u00e9t\u00e9 ouverts!<br \/>\nLes housses et duvets fabriqu\u00e9es sur mesure ne seront ni \u00e9chang\u00e9s ni repris. Pour plus d\u2019informations concernant les produits Mission:Allergy se r\u00e9f\u00e9rer \u00e0 notre site internet.<\/p>\n<h4>9. Sp\u00e9cifications produit \/ Garantie<\/h4>\n<p>Les sp\u00e9cifications produit suivent les indications du fabriquant et ceux de la notice d\u2019emballage. Sauf indication contraire, les garanties se basent exclusivement sur les donn\u00e9es du fabriquant. Des garanties suppl\u00e9mentaires sont exclues, en particulier pour tout ce qui concernerait des dommages indirects. La garantie ne couvre pas des dommages dus \u00e0 un usage normal (effet d\u2019usure), une mauvaise utilisation ou par manque ou d\u00e9faut d\u2019entretien.<\/p>\n<h4>10. Conditions de paiement<\/h4>\n<p>Les montants factur\u00e9s doivent \u00eatre r\u00e9gl\u00e9s dans les 30 jours, date de la facture. En cas de non-respect du d\u00e9lai de paiement, Bencard se r\u00e9serve le droit de r\u00e9clamer des frais de rappel. Si une poursuite devait \u00eatre engag\u00e9e, chaque rappel sera factur\u00e9 CHF 20.- et les frais administratifs s\u2019\u00e9l\u00e8veraient \u00e0 environ CHF 160.&#8211;. Pour les nouveaux clients, nous nous r\u00e9servons le droit de livrer apr\u00e8s paiement en avance.<\/p>\n<h4>11. Modifications des Conditions G\u00e9n\u00e9rales de vente<\/h4>\n<p>Bencard se r\u00e9serve le droit de modifier sans pr\u00e9avis les pr\u00e9sentes Conditions g\u00e9n\u00e9rales de vente.<\/p>\n<h4>12. Droit applicable \/ Juridiction comp\u00e9tente<\/h4>\n<p>Les relations juridiques entre Bencard et ses clients sont r\u00e9gies par le droit suisse. Le for juridique est \u00e0 Uster.<\/p>\n<p>Greifensee\/Mai 2019[\/vc_column_text][\/vc_column][\/vc_row]\n<\/div>","protected":false},"excerpt":{"rendered":"<p>[vc_row][vc_column][vc_column_text] Bencard SA : Conditions g\u00e9n\u00e9rales de vente &nbsp; 1. Champs d\u2019application Les Conditions g\u00e9n\u00e9rales de vente ci-apr\u00e8s r\u00e8glent les relations contractuelles entre Bencard SA (ci-apr\u00e8s Bencard) et ses clients. En concluant un contrat, par exemple en envoyant une commande, le client accepte express\u00e9ment les conditions commerciales de Bencard comme \u00e9tant contractuelles. 2. Commandes et&hellip;<\/p>\n","protected":false},"author":1,"featured_media":0,"parent":730,"menu_order":0,"comment_status":"closed","ping_status":"closed","template":"","meta":{"_acf_changed":false,"footnotes":""},"class_list":["post-314","page","type-page","status-publish","hentry","entry","no-media"],"acf":[],"yoast_head":"<!-- This site is optimized with the Yoast SEO plugin v27.3 - https:\/\/yoast.com\/product\/yoast-seo-wordpress\/ -->\n<title>CG - Bencard AG<\/title>\n<meta name=\"robots\" content=\"index, follow, max-snippet:-1, max-image-preview:large, max-video-preview:-1\" \/>\n<link rel=\"canonical\" href=\"https:\/\/bencard.ch\/fr\/ueber-bencard\/cg\/\" \/>\n<meta name=\"twitter:label1\" content=\"Dur\u00e9e de lecture estim\u00e9e\" \/>\n\t<meta name=\"twitter:data1\" content=\"3 minutes\" \/>\n<script type=\"application\/ld+json\" class=\"yoast-schema-graph\">{\"@context\":\"https:\\\/\\\/schema.org\",\"@graph\":[{\"@type\":\"WebPage\",\"@id\":\"https:\\\/\\\/bencard.ch\\\/fr\\\/ueber-bencard\\\/cg\\\/\",\"url\":\"https:\\\/\\\/bencard.ch\\\/fr\\\/ueber-bencard\\\/cg\\\/\",\"name\":\"CG - Bencard AG\",\"isPartOf\":{\"@id\":\"https:\\\/\\\/bencard.ch\\\/fr\\\/#website\"},\"datePublished\":\"2017-06-28T14:14:33+00:00\",\"dateModified\":\"2020-09-08T12:28:17+00:00\",\"breadcrumb\":{\"@id\":\"https:\\\/\\\/bencard.ch\\\/fr\\\/ueber-bencard\\\/cg\\\/#breadcrumb\"},\"inLanguage\":\"fr-FR\",\"potentialAction\":[{\"@type\":\"ReadAction\",\"target\":[\"https:\\\/\\\/bencard.ch\\\/fr\\\/ueber-bencard\\\/cg\\\/\"]}]},{\"@type\":\"BreadcrumbList\",\"@id\":\"https:\\\/\\\/bencard.ch\\\/fr\\\/ueber-bencard\\\/cg\\\/#breadcrumb\",\"itemListElement\":[{\"@type\":\"ListItem\",\"position\":1,\"name\":\"Home\",\"item\":\"https:\\\/\\\/bencard.ch\\\/fr\\\/\"},{\"@type\":\"ListItem\",\"position\":2,\"name\":\"Sur Bencard\",\"item\":\"https:\\\/\\\/bencard.ch\\\/fr\\\/\"},{\"@type\":\"ListItem\",\"position\":3,\"name\":\"CG\"}]},{\"@type\":\"WebSite\",\"@id\":\"https:\\\/\\\/bencard.ch\\\/fr\\\/#website\",\"url\":\"https:\\\/\\\/bencard.ch\\\/fr\\\/\",\"name\":\"Bencard\",\"description\":\"Votre partenaire dans les domaines Allergie et Diagnostic pour laboratoire\",\"publisher\":{\"@id\":\"https:\\\/\\\/bencard.ch\\\/fr\\\/#organization\"},\"potentialAction\":[{\"@type\":\"SearchAction\",\"target\":{\"@type\":\"EntryPoint\",\"urlTemplate\":\"https:\\\/\\\/bencard.ch\\\/fr\\\/?s={search_term_string}\"},\"query-input\":{\"@type\":\"PropertyValueSpecification\",\"valueRequired\":true,\"valueName\":\"search_term_string\"}}],\"inLanguage\":\"fr-FR\"},{\"@type\":\"Organization\",\"@id\":\"https:\\\/\\\/bencard.ch\\\/fr\\\/#organization\",\"name\":\"Bencard AG\",\"url\":\"https:\\\/\\\/bencard.ch\\\/fr\\\/\",\"logo\":{\"@type\":\"ImageObject\",\"inLanguage\":\"fr-FR\",\"@id\":\"https:\\\/\\\/bencard.ch\\\/fr\\\/#\\\/schema\\\/logo\\\/image\\\/\",\"url\":\"https:\\\/\\\/bencard.ch\\\/wp-content\\\/uploads\\\/2020\\\/06\\\/Bencard_Logo_cmyk-e1645109838669.png\",\"contentUrl\":\"https:\\\/\\\/bencard.ch\\\/wp-content\\\/uploads\\\/2020\\\/06\\\/Bencard_Logo_cmyk-e1645109838669.png\",\"width\":289,\"height\":90,\"caption\":\"Bencard AG\"},\"image\":{\"@id\":\"https:\\\/\\\/bencard.ch\\\/fr\\\/#\\\/schema\\\/logo\\\/image\\\/\"},\"sameAs\":[\"https:\\\/\\\/www.linkedin.com\\\/company\\\/bencard-ag\"]}]}<\/script>\n<!-- \/ Yoast SEO plugin. -->","yoast_head_json":{"title":"CG - Bencard AG","robots":{"index":"index","follow":"follow","max-snippet":"max-snippet:-1","max-image-preview":"max-image-preview:large","max-video-preview":"max-video-preview:-1"},"canonical":"https:\/\/bencard.ch\/fr\/ueber-bencard\/cg\/","twitter_misc":{"Dur\u00e9e de lecture estim\u00e9e":"3 minutes"},"schema":{"@context":"https:\/\/schema.org","@graph":[{"@type":"WebPage","@id":"https:\/\/bencard.ch\/fr\/ueber-bencard\/cg\/","url":"https:\/\/bencard.ch\/fr\/ueber-bencard\/cg\/","name":"CG - Bencard AG","isPartOf":{"@id":"https:\/\/bencard.ch\/fr\/#website"},"datePublished":"2017-06-28T14:14:33+00:00","dateModified":"2020-09-08T12:28:17+00:00","breadcrumb":{"@id":"https:\/\/bencard.ch\/fr\/ueber-bencard\/cg\/#breadcrumb"},"inLanguage":"fr-FR","potentialAction":[{"@type":"ReadAction","target":["https:\/\/bencard.ch\/fr\/ueber-bencard\/cg\/"]}]},{"@type":"BreadcrumbList","@id":"https:\/\/bencard.ch\/fr\/ueber-bencard\/cg\/#breadcrumb","itemListElement":[{"@type":"ListItem","position":1,"name":"Home","item":"https:\/\/bencard.ch\/fr\/"},{"@type":"ListItem","position":2,"name":"Sur Bencard","item":"https:\/\/bencard.ch\/fr\/"},{"@type":"ListItem","position":3,"name":"CG"}]},{"@type":"WebSite","@id":"https:\/\/bencard.ch\/fr\/#website","url":"https:\/\/bencard.ch\/fr\/","name":"Bencard","description":"Votre partenaire dans les domaines Allergie et Diagnostic pour laboratoire","publisher":{"@id":"https:\/\/bencard.ch\/fr\/#organization"},"potentialAction":[{"@type":"SearchAction","target":{"@type":"EntryPoint","urlTemplate":"https:\/\/bencard.ch\/fr\/?s={search_term_string}"},"query-input":{"@type":"PropertyValueSpecification","valueRequired":true,"valueName":"search_term_string"}}],"inLanguage":"fr-FR"},{"@type":"Organization","@id":"https:\/\/bencard.ch\/fr\/#organization","name":"Bencard AG","url":"https:\/\/bencard.ch\/fr\/","logo":{"@type":"ImageObject","inLanguage":"fr-FR","@id":"https:\/\/bencard.ch\/fr\/#\/schema\/logo\/image\/","url":"https:\/\/bencard.ch\/wp-content\/uploads\/2020\/06\/Bencard_Logo_cmyk-e1645109838669.png","contentUrl":"https:\/\/bencard.ch\/wp-content\/uploads\/2020\/06\/Bencard_Logo_cmyk-e1645109838669.png","width":289,"height":90,"caption":"Bencard AG"},"image":{"@id":"https:\/\/bencard.ch\/fr\/#\/schema\/logo\/image\/"},"sameAs":["https:\/\/www.linkedin.com\/company\/bencard-ag"]}]}},"_links":{"self":[{"href":"https:\/\/bencard.ch\/fr\/wp-json\/wp\/v2\/pages\/314","targetHints":{"allow":["GET"]}}],"collection":[{"href":"https:\/\/bencard.ch\/fr\/wp-json\/wp\/v2\/pages"}],"about":[{"href":"https:\/\/bencard.ch\/fr\/wp-json\/wp\/v2\/types\/page"}],"author":[{"embeddable":true,"href":"https:\/\/bencard.ch\/fr\/wp-json\/wp\/v2\/users\/1"}],"replies":[{"embeddable":true,"href":"https:\/\/bencard.ch\/fr\/wp-json\/wp\/v2\/comments?post=314"}],"version-history":[{"count":5,"href":"https:\/\/bencard.ch\/fr\/wp-json\/wp\/v2\/pages\/314\/revisions"}],"predecessor-version":[{"id":13388,"href":"https:\/\/bencard.ch\/fr\/wp-json\/wp\/v2\/pages\/314\/revisions\/13388"}],"up":[{"embeddable":true,"href":"https:\/\/bencard.ch\/fr\/wp-json\/wp\/v2\/pages\/730"}],"wp:attachment":[{"href":"https:\/\/bencard.ch\/fr\/wp-json\/wp\/v2\/media?parent=314"}],"curies":[{"name":"wp","href":"https:\/\/api.w.org\/{rel}","templated":true}]}}