{"id":618,"date":"2017-07-20T05:44:55","date_gmt":"2017-07-20T05:44:55","guid":{"rendered":"http:\/\/bencard.dev4.webkoenig.ch\/?page_id=618\/"},"modified":"2025-05-20T12:53:37","modified_gmt":"2025-05-20T11:53:37","slug":"allergie","status":"publish","type":"page","link":"https:\/\/bencard.ch\/fr\/allergie\/","title":{"rendered":"Allergie"},"content":{"rendered":"<div class=\"wpb-content-wrapper\">[vc_section][vc_row css=\u00a0\u00bb.vc_custom_1593694857089{padding-top: 40px !important;}\u00a0\u00bb][vc_column][rev_slider_vc alias=\u00a0\u00bbpostslider\u00a0\u00bb][\/vc_column][\/vc_row][\/vc_section][vc_section][vc_row][vc_column][vc_column_text]\n<h1>Allergie<\/h1>\n[\/vc_column_text][\/vc_column][\/vc_row][vc_row][vc_column][vc_column_text el_class=\u00a0\u00bbno-border\u00a0\u00bb]\n<h2>reconna\u00eetre et traiter<\/h2>\n[\/vc_column_text][vc_column_text el_class=\u00a0\u00bbwk-font-big\u00a0\u00bb]Comme soci\u00e9t\u00e9 sp\u00e9cialis\u00e9e en allergologie, nous informons volontiers les personnes ayant \u00e9t\u00e9 diagnostiqu\u00e9es a une allergie aux pollens.[\/vc_column_text][\/vc_column][\/vc_row][\/vc_section][vc_section el_class=\u00a0\u00bbwk-next-section\u00a0\u00bb][vc_row content_placement=\u00a0\u00bbmiddle\u00a0\u00bb gap=\u00a0\u00bb35&Prime; equal_height=\u00a0\u00bbyes\u00a0\u00bb][vc_column width=\u00a0\u00bb1\/2&Prime; el_class=\u00a0\u00bbmobile-image-height\u00a0\u00bb css=\u00a0\u00bb.vc_custom_1594901063808{background-image: url(https:\/\/bencard.ch\/wp-content\/uploads\/2017\/06\/bencard_fuer-aerzte-header.jpg?id=203) !important;background-position: center !important;background-repeat: no-repeat !important;background-size: cover !important;}\u00a0\u00bb][\/vc_column][vc_column width=\u00a0\u00bb1\/2&Prime;][vc_column_text]\n<h2>Pour m\u00e9decins<\/h2>\n[\/vc_column_text][vc_column_text]M\u00e9decins et professionnels de la sant\u00e9 trouvent ici des informations sur nos produits.<br \/>\nL\u2019acc\u00e8s \u00e0 ce domaine est prot\u00e9g\u00e9 par mot de passe de Swiss-RX.[\/vc_column_text]<a href=\"https:\/\/bencard.ch\/fr\/allergie\/pour-medecins\/\" class=\"vcex-button theme-button inline\"><span class=\"vcex-button-inner theme-button-inner wpex-flex wpex-flex-wrap wpex-items-center wpex-justify-center\">&gt;  Pour M\u00e9decins<\/span><\/a> [\/vc_column][\/vc_row][vc_row content_placement=\u00a0\u00bbmiddle\u00a0\u00bb gap=\u00a0\u00bb35&Prime; equal_height=\u00a0\u00bbyes\u00a0\u00bb el_class=\u00a0\u00bbwk-section-even\u00a0\u00bb][vc_column width=\u00a0\u00bb1\/2&Prime;][vc_column_text]\n<h2>Protections acariens<\/h2>\n[\/vc_column_text][vc_column_text]Grande gamme de housses anti-acariens Mission:Allergy disponible sur notre boutique en ligne.[\/vc_column_text]<a href=\"https:\/\/bencard.ch\/fr\/protection-acariens\/\" class=\"vcex-button theme-button inline\"><span class=\"vcex-button-inner theme-button-inner wpex-flex wpex-flex-wrap wpex-items-center wpex-justify-center\">&gt;  \u00c0 la boutique<\/span><\/a> [\/vc_column][vc_column width=\u00a0\u00bb1\/2&Prime; css=\u00a0\u00bb.vc_custom_1594892630476{background-image: url(https:\/\/bencard.ch\/wp-content\/uploads\/2017\/07\/268_gr.jpg?id=498) !important;background-position: center !important;background-repeat: no-repeat !important;background-size: cover !important;}\u00a0\u00bb el_class=\u00a0\u00bbmobile-image-height\u00a0\u00bb][\/vc_column][\/vc_row][vc_row content_placement=\u00a0\u00bbmiddle\u00a0\u00bb gap=\u00a0\u00bb35&Prime; equal_height=\u00a0\u00bbyes\u00a0\u00bb el_class=\u00a0\u00bbwk-section-even\u00a0\u00bb][vc_column width=\u00a0\u00bb1\/2&Prime; css=\u00a0\u00bb.vc_custom_1594892634930{background-image: url(https:\/\/bencard.ch\/wp-content\/uploads\/2017\/06\/Nickeltest_b.png?id=276) !important;background-position: center !important;background-repeat: no-repeat !important;background-size: cover !important;}\u00a0\u00bb el_class=\u00a0\u00bbmobile-image-height\u00a0\u00bb][\/vc_column][vc_column width=\u00a0\u00bb1\/2&Prime;][vc_column_text]\n<h2>Test de Nickel<\/h2>\n[\/vc_column_text][vc_column_text]Pour personnes allergiques au nickel\u00a0ou pour l\u2019application professionnelle[\/vc_column_text]<a href=\"https:\/\/bencard.ch\/fr\/test-de-nickel\/\" class=\"vcex-button theme-button inline\"><span class=\"vcex-button-inner theme-button-inner wpex-flex wpex-flex-wrap wpex-items-center wpex-justify-center\">&gt;  Test de Nickel<\/span><\/a> [\/vc_column][\/vc_row][\/vc_section]\n<\/div>","protected":false},"excerpt":{"rendered":"<p>[vc_section][vc_row css=\u00a0\u00bb.vc_custom_1593694857089{padding-top: 40px !important;}\u00a0\u00bb][vc_column][rev_slider_vc alias=\u00a0\u00bbpostslider\u00a0\u00bb][\/vc_column][\/vc_row][\/vc_section][vc_section][vc_row][vc_column][vc_column_text] Allergie [\/vc_column_text][\/vc_column][\/vc_row][vc_row][vc_column][vc_column_text el_class=\u00a0\u00bbno-border\u00a0\u00bb] reconna\u00eetre et traiter [\/vc_column_text][vc_column_text el_class=\u00a0\u00bbwk-font-big\u00a0\u00bb]Comme soci\u00e9t\u00e9 sp\u00e9cialis\u00e9e en allergologie, nous informons volontiers les personnes ayant \u00e9t\u00e9 diagnostiqu\u00e9es a une allergie aux pollens.[\/vc_column_text][\/vc_column][\/vc_row][\/vc_section][vc_section el_class=\u00a0\u00bbwk-next-section\u00a0\u00bb][vc_row content_placement=\u00a0\u00bbmiddle\u00a0\u00bb gap=\u00a0\u00bb35&Prime; equal_height=\u00a0\u00bbyes\u00a0\u00bb][vc_column width=\u00a0\u00bb1\/2&Prime; el_class=\u00a0\u00bbmobile-image-height\u00a0\u00bb css=\u00a0\u00bb.vc_custom_1594901063808{background-image: url(https:\/\/bencard.ch\/wp-content\/uploads\/2017\/06\/bencard_fuer-aerzte-header.jpg?id=203) !important;background-position: center !important;background-repeat: no-repeat !important;background-size: cover !important;}\u00a0\u00bb][\/vc_column][vc_column width=\u00a0\u00bb1\/2&Prime;][vc_column_text] Pour m\u00e9decins [\/vc_column_text][vc_column_text]M\u00e9decins et professionnels de la sant\u00e9 trouvent&hellip;<\/p>\n","protected":false},"author":1,"featured_media":8417,"parent":0,"menu_order":0,"comment_status":"closed","ping_status":"closed","template":"","meta":{"_acf_changed":false,"footnotes":""},"class_list":["post-618","page","type-page","status-publish","has-post-thumbnail","hentry","entry","has-media"],"acf":[],"yoast_head":"<!-- This site is optimized with the Yoast SEO plugin v27.3 - https:\/\/yoast.com\/product\/yoast-seo-wordpress\/ -->\n<title>Allergie: reconna\u00eetre et traiter correctement | Bencard AG<\/title>\n<meta name=\"description\" content=\"Vous trouverez ici les informations pour reconnaitre une allergie et les options th\u00e9rapeutiques pour son traitement.\" \/>\n<meta name=\"robots\" content=\"index, follow, max-snippet:-1, max-image-preview:large, max-video-preview:-1\" \/>\n<link rel=\"canonical\" href=\"https:\/\/bencard.ch\/fr\/allergie\/\" \/>\n<meta name=\"twitter:label1\" content=\"Dur\u00e9e de lecture estim\u00e9e\" \/>\n\t<meta name=\"twitter:data1\" content=\"2 minutes\" \/>\n<script type=\"application\/ld+json\" class=\"yoast-schema-graph\">{\"@context\":\"https:\\\/\\\/schema.org\",\"@graph\":[{\"@type\":\"WebPage\",\"@id\":\"https:\\\/\\\/bencard.ch\\\/fr\\\/allergie\\\/\",\"url\":\"https:\\\/\\\/bencard.ch\\\/fr\\\/allergie\\\/\",\"name\":\"Allergie: reconna\u00eetre et traiter correctement | Bencard AG\",\"isPartOf\":{\"@id\":\"https:\\\/\\\/bencard.ch\\\/fr\\\/#website\"},\"primaryImageOfPage\":{\"@id\":\"https:\\\/\\\/bencard.ch\\\/fr\\\/allergie\\\/#primaryimage\"},\"image\":{\"@id\":\"https:\\\/\\\/bencard.ch\\\/fr\\\/allergie\\\/#primaryimage\"},\"thumbnailUrl\":\"https:\\\/\\\/bencard.ch\\\/wp-content\\\/uploads\\\/2017\\\/10\\\/Allergie.jpg\",\"datePublished\":\"2017-07-20T05:44:55+00:00\",\"dateModified\":\"2025-05-20T11:53:37+00:00\",\"description\":\"Vous trouverez ici les informations pour reconnaitre une allergie et les options th\u00e9rapeutiques pour son traitement.\",\"breadcrumb\":{\"@id\":\"https:\\\/\\\/bencard.ch\\\/fr\\\/allergie\\\/#breadcrumb\"},\"inLanguage\":\"fr-FR\",\"potentialAction\":[{\"@type\":\"ReadAction\",\"target\":[\"https:\\\/\\\/bencard.ch\\\/fr\\\/allergie\\\/\"]}]},{\"@type\":\"ImageObject\",\"inLanguage\":\"fr-FR\",\"@id\":\"https:\\\/\\\/bencard.ch\\\/fr\\\/allergie\\\/#primaryimage\",\"url\":\"https:\\\/\\\/bencard.ch\\\/wp-content\\\/uploads\\\/2017\\\/10\\\/Allergie.jpg\",\"contentUrl\":\"https:\\\/\\\/bencard.ch\\\/wp-content\\\/uploads\\\/2017\\\/10\\\/Allergie.jpg\",\"width\":1920,\"height\":700,\"caption\":\"Woman riding in passenger seat of convertible with head back and arm raised towards sky\"},{\"@type\":\"BreadcrumbList\",\"@id\":\"https:\\\/\\\/bencard.ch\\\/fr\\\/allergie\\\/#breadcrumb\",\"itemListElement\":[{\"@type\":\"ListItem\",\"position\":1,\"name\":\"Home\",\"item\":\"https:\\\/\\\/bencard.ch\\\/fr\\\/\"},{\"@type\":\"ListItem\",\"position\":2,\"name\":\"Allergie\"}]},{\"@type\":\"WebSite\",\"@id\":\"https:\\\/\\\/bencard.ch\\\/fr\\\/#website\",\"url\":\"https:\\\/\\\/bencard.ch\\\/fr\\\/\",\"name\":\"Bencard\",\"description\":\"Votre partenaire dans les domaines Allergie et Diagnostic pour laboratoire\",\"publisher\":{\"@id\":\"https:\\\/\\\/bencard.ch\\\/fr\\\/#organization\"},\"potentialAction\":[{\"@type\":\"SearchAction\",\"target\":{\"@type\":\"EntryPoint\",\"urlTemplate\":\"https:\\\/\\\/bencard.ch\\\/fr\\\/?s={search_term_string}\"},\"query-input\":{\"@type\":\"PropertyValueSpecification\",\"valueRequired\":true,\"valueName\":\"search_term_string\"}}],\"inLanguage\":\"fr-FR\"},{\"@type\":\"Organization\",\"@id\":\"https:\\\/\\\/bencard.ch\\\/fr\\\/#organization\",\"name\":\"Bencard AG\",\"url\":\"https:\\\/\\\/bencard.ch\\\/fr\\\/\",\"logo\":{\"@type\":\"ImageObject\",\"inLanguage\":\"fr-FR\",\"@id\":\"https:\\\/\\\/bencard.ch\\\/fr\\\/#\\\/schema\\\/logo\\\/image\\\/\",\"url\":\"https:\\\/\\\/bencard.ch\\\/wp-content\\\/uploads\\\/2020\\\/06\\\/Bencard_Logo_cmyk-e1645109838669.png\",\"contentUrl\":\"https:\\\/\\\/bencard.ch\\\/wp-content\\\/uploads\\\/2020\\\/06\\\/Bencard_Logo_cmyk-e1645109838669.png\",\"width\":289,\"height\":90,\"caption\":\"Bencard AG\"},\"image\":{\"@id\":\"https:\\\/\\\/bencard.ch\\\/fr\\\/#\\\/schema\\\/logo\\\/image\\\/\"},\"sameAs\":[\"https:\\\/\\\/www.linkedin.com\\\/company\\\/bencard-ag\"]}]}<\/script>\n<!-- \/ Yoast SEO plugin. -->","yoast_head_json":{"title":"Allergie: reconna\u00eetre et traiter correctement | Bencard AG","description":"Vous trouverez ici les informations pour reconnaitre une allergie et les options th\u00e9rapeutiques pour son traitement.","robots":{"index":"index","follow":"follow","max-snippet":"max-snippet:-1","max-image-preview":"max-image-preview:large","max-video-preview":"max-video-preview:-1"},"canonical":"https:\/\/bencard.ch\/fr\/allergie\/","twitter_misc":{"Dur\u00e9e de lecture estim\u00e9e":"2 minutes"},"schema":{"@context":"https:\/\/schema.org","@graph":[{"@type":"WebPage","@id":"https:\/\/bencard.ch\/fr\/allergie\/","url":"https:\/\/bencard.ch\/fr\/allergie\/","name":"Allergie: reconna\u00eetre et traiter correctement | Bencard AG","isPartOf":{"@id":"https:\/\/bencard.ch\/fr\/#website"},"primaryImageOfPage":{"@id":"https:\/\/bencard.ch\/fr\/allergie\/#primaryimage"},"image":{"@id":"https:\/\/bencard.ch\/fr\/allergie\/#primaryimage"},"thumbnailUrl":"https:\/\/bencard.ch\/wp-content\/uploads\/2017\/10\/Allergie.jpg","datePublished":"2017-07-20T05:44:55+00:00","dateModified":"2025-05-20T11:53:37+00:00","description":"Vous trouverez ici les informations pour reconnaitre une allergie et les options th\u00e9rapeutiques pour son traitement.","breadcrumb":{"@id":"https:\/\/bencard.ch\/fr\/allergie\/#breadcrumb"},"inLanguage":"fr-FR","potentialAction":[{"@type":"ReadAction","target":["https:\/\/bencard.ch\/fr\/allergie\/"]}]},{"@type":"ImageObject","inLanguage":"fr-FR","@id":"https:\/\/bencard.ch\/fr\/allergie\/#primaryimage","url":"https:\/\/bencard.ch\/wp-content\/uploads\/2017\/10\/Allergie.jpg","contentUrl":"https:\/\/bencard.ch\/wp-content\/uploads\/2017\/10\/Allergie.jpg","width":1920,"height":700,"caption":"Woman riding in passenger seat of convertible with head back and arm raised towards sky"},{"@type":"BreadcrumbList","@id":"https:\/\/bencard.ch\/fr\/allergie\/#breadcrumb","itemListElement":[{"@type":"ListItem","position":1,"name":"Home","item":"https:\/\/bencard.ch\/fr\/"},{"@type":"ListItem","position":2,"name":"Allergie"}]},{"@type":"WebSite","@id":"https:\/\/bencard.ch\/fr\/#website","url":"https:\/\/bencard.ch\/fr\/","name":"Bencard","description":"Votre partenaire dans les domaines Allergie et Diagnostic pour laboratoire","publisher":{"@id":"https:\/\/bencard.ch\/fr\/#organization"},"potentialAction":[{"@type":"SearchAction","target":{"@type":"EntryPoint","urlTemplate":"https:\/\/bencard.ch\/fr\/?s={search_term_string}"},"query-input":{"@type":"PropertyValueSpecification","valueRequired":true,"valueName":"search_term_string"}}],"inLanguage":"fr-FR"},{"@type":"Organization","@id":"https:\/\/bencard.ch\/fr\/#organization","name":"Bencard AG","url":"https:\/\/bencard.ch\/fr\/","logo":{"@type":"ImageObject","inLanguage":"fr-FR","@id":"https:\/\/bencard.ch\/fr\/#\/schema\/logo\/image\/","url":"https:\/\/bencard.ch\/wp-content\/uploads\/2020\/06\/Bencard_Logo_cmyk-e1645109838669.png","contentUrl":"https:\/\/bencard.ch\/wp-content\/uploads\/2020\/06\/Bencard_Logo_cmyk-e1645109838669.png","width":289,"height":90,"caption":"Bencard AG"},"image":{"@id":"https:\/\/bencard.ch\/fr\/#\/schema\/logo\/image\/"},"sameAs":["https:\/\/www.linkedin.com\/company\/bencard-ag"]}]}},"_links":{"self":[{"href":"https:\/\/bencard.ch\/fr\/wp-json\/wp\/v2\/pages\/618","targetHints":{"allow":["GET"]}}],"collection":[{"href":"https:\/\/bencard.ch\/fr\/wp-json\/wp\/v2\/pages"}],"about":[{"href":"https:\/\/bencard.ch\/fr\/wp-json\/wp\/v2\/types\/page"}],"author":[{"embeddable":true,"href":"https:\/\/bencard.ch\/fr\/wp-json\/wp\/v2\/users\/1"}],"replies":[{"embeddable":true,"href":"https:\/\/bencard.ch\/fr\/wp-json\/wp\/v2\/comments?post=618"}],"version-history":[{"count":5,"href":"https:\/\/bencard.ch\/fr\/wp-json\/wp\/v2\/pages\/618\/revisions"}],"predecessor-version":[{"id":44935,"href":"https:\/\/bencard.ch\/fr\/wp-json\/wp\/v2\/pages\/618\/revisions\/44935"}],"wp:featuredmedia":[{"embeddable":true,"href":"https:\/\/bencard.ch\/fr\/wp-json\/wp\/v2\/media\/8417"}],"wp:attachment":[{"href":"https:\/\/bencard.ch\/fr\/wp-json\/wp\/v2\/media?parent=618"}],"curies":[{"name":"wp","href":"https:\/\/api.w.org\/{rel}","templated":true}]}}