{"id":7896,"date":"2017-09-22T12:34:02","date_gmt":"2017-09-22T12:34:02","guid":{"rendered":"http:\/\/bencard.dev4.webkoenig.ch\/?page_id=7896\/"},"modified":"2020-07-30T07:50:42","modified_gmt":"2020-07-30T07:50:42","slug":"informations-juridiques","status":"publish","type":"page","link":"https:\/\/bencard.ch\/fr\/ueber-bencard\/informations-juridiques\/","title":{"rendered":"Informations juridiques"},"content":{"rendered":"<h3>Responsabilit\u00e9<\/h3>\n<p>Malgr\u00e9 la grande attention qu\u2019elle porte \u00e0 la justesse des informations diffus\u00e9es sur ce site, Bencard SA ne peut endosser aucune responsabilit\u00e9 quant \u00e0 la fid\u00e9lit\u00e9, \u00e0 l\u2019exactitude, \u00e0 l\u2019actualit\u00e9, \u00e0 la fiabilit\u00e9 et \u00e0 l\u2019int\u00e9gralit\u00e9 de ces informations.<\/p>\n<p>Bencard SA se r\u00e9serve express\u00e9ment le droit de modifier en partie ou en totalit\u00e9 le contenu de ce site, de le supprimer ou d\u2019en suspendre temporairement la diffusion, et ce \u00e0 tout moment et sans avertissement pr\u00e9alable.<\/p>\n<p>Bencard SA ne saurait \u00eatre tenu pour responsable des dommages mat\u00e9riels ou immat\u00e9riels qui pourraient \u00eatre caus\u00e9s par l\u2019acc\u00e8s aux informations diffus\u00e9es ou par leur utilisation ou non-utilisation, par le mauvais usage de la connexion ou par des probl\u00e8mes techniques.<\/p>\n<h3>Renvois et liens<\/h3>\n<p>Les renvois et liens vers d\u2019autres sites Internet ne sont pas de la responsabilit\u00e9 de Bencard SA. L\u2019acc\u00e8s \u00e0 ces sites et leur utilisation se font aux risques des utilisateurs. Bencard SA d\u00e9clare express\u00e9ment n\u2019avoir aucune influence sur la forme, le contenu et les offres des sites auxquels elles renvoient. Les informations et services offerts par ces sites sont enti\u00e8rement de la responsabilit\u00e9 de leurs auteurs.<\/p>\n<p>Bencard SA rejette toute responsabilit\u00e9 pour de tels sites Internet.<\/p>\n<h3>Protection des donn\u00e9es<\/h3>\n<p>L\u2019art. 13 de la Constitution f\u00e9d\u00e9rale et les dispositions l\u00e9gales de la Conf\u00e9d\u00e9ration suisse sur la protection des donn\u00e9es disposent que toute personne a droit \u00e0 la protection de sa sph\u00e8re priv\u00e9e ainsi qu\u2019\u00e0 la protection contre l\u2019emploi abusif des donn\u00e9es qui la concernent. Bencard SA observe strictement ces dispositions. Les donn\u00e9es personnelles sont trait\u00e9es de fa\u00e7on parfaitement confidentielle et ne sont ni vendues, ni transmises \u00e0 des tiers.<\/p>\n<p>Nous nous effor\u00e7ons, en collaboration \u00e9troite avec nos h\u00e9bergeurs, de prot\u00e9ger au mieux possible nos banques de donn\u00e9es des intrusions externes, des pertes, du mauvais usage et de la falsification.<\/p>\n<p>Lors de l\u2019acc\u00e8s \u00e0 notre site web les donn\u00e9es suivantes sont enregistr\u00e9es: l\u2019adresse IP, la date, l\u2019heure, la num\u00e9rotation du logiciel de navigation ainsi des informations g\u00e9n\u00e9ralement transmises sur le syst\u00e8me d\u2019exploitation resp. sur le logiciel de navigation.<\/p>\n<p>Ces donn\u00e9es permettent \u00e0 Bencard SA de proc\u00e9der \u00e0 des \u00e9valuations statistiques anonymis\u00e9es, afin de reconna\u00eetre des tendances servant \u00e0 am\u00e9liorer l\u2019offre. Selon la loi f\u00e9d\u00e9rale sur la surveillance de la correspondance par poste et t\u00e9l\u00e9communication (LSCPT) il existe une obligation l\u00e9gale de conserver durant au moins six mois les donn\u00e9es de connexion.<\/p>\n<p>Ces r\u00e8gles ne sont toutefois pas valables pour la prise de contact volontaire. Lors de l\u2019enregistrement de votre adresse \u00e9lectronique, celle-ci est stock\u00e9e dans une banque de donn\u00e9es s\u00e9par\u00e9e, qui ne poss\u00e8de aucun lien avec les fichiers journaux anonymes. Vous avez \u00e0 tout moment la possibilit\u00e9 d\u2019annuler votre enregistrement.<\/p>\n<h3>Droit applicable et juridiction comp\u00e9tente<\/h3>\n<p>Selon le droit suisse. For juridique: la cour de Zurich, Suisse<\/p>\n<h3>Droits d\u2019auteur<\/h3>\n<p>Droits d\u2019auteur: Bencard SA, 2020.<\/p>\n<p>Les informations que rec\u00e8lent le site Web de Bencard SA sont mises \u00e0 la disposition du public. Le t\u00e9l\u00e9chargement ou la copie de textes, d\u2019illustrations, de photographies ou d\u2019autres donn\u00e9es n\u2019entra\u00eene aucun transfert de droits sur les contenus.<\/p>\n<p>Les droits d\u2019auteur et tous les autres droits li\u00e9s aux textes, illustrations, photographies et autres donn\u00e9es plac\u00e9s sur le site Web de Bencard SA restent \u00e0 sa propri\u00e9t\u00e9 exclusive ou celle des d\u00e9tenteurs express\u00e9ment cit\u00e9s. Toute reproduction est subordonn\u00e9e \u00e0 l\u2019autorisation \u00e9crite pr\u00e9alable du d\u00e9tenteur des droits.<\/p>\n<p><strong>Bencard SA<br \/>\n<\/strong>Tumigerstrasse 71<br \/>\n8606 Greifensee<br \/>\nTel 044 942 00 13<br \/>\nFax 044 942 00 19<\/p>\n","protected":false},"excerpt":{"rendered":"<p>Responsabilit\u00e9 Malgr\u00e9 la grande attention qu\u2019elle porte \u00e0 la justesse des informations diffus\u00e9es sur ce site, Bencard SA ne peut endosser aucune responsabilit\u00e9 quant \u00e0 la fid\u00e9lit\u00e9, \u00e0 l\u2019exactitude, \u00e0 l\u2019actualit\u00e9, \u00e0 la fiabilit\u00e9 et \u00e0 l\u2019int\u00e9gralit\u00e9 de ces informations. Bencard SA se r\u00e9serve express\u00e9ment le droit de modifier en partie ou en totalit\u00e9 le&hellip;<\/p>\n","protected":false},"author":1,"featured_media":0,"parent":730,"menu_order":0,"comment_status":"closed","ping_status":"closed","template":"","meta":{"_acf_changed":false,"footnotes":""},"class_list":["post-7896","page","type-page","status-publish","hentry","entry","no-media"],"acf":[],"yoast_head":"<!-- This site is optimized with the Yoast SEO plugin v27.3 - https:\/\/yoast.com\/product\/yoast-seo-wordpress\/ -->\n<title>Informations juridiques - Bencard AG<\/title>\n<meta name=\"robots\" content=\"index, follow, max-snippet:-1, max-image-preview:large, max-video-preview:-1\" \/>\n<link rel=\"canonical\" href=\"https:\/\/bencard.ch\/fr\/ueber-bencard\/informations-juridiques\/\" \/>\n<meta name=\"twitter:label1\" content=\"Dur\u00e9e de lecture estim\u00e9e\" \/>\n\t<meta name=\"twitter:data1\" content=\"3 minutes\" \/>\n<script type=\"application\/ld+json\" class=\"yoast-schema-graph\">{\"@context\":\"https:\\\/\\\/schema.org\",\"@graph\":[{\"@type\":\"WebPage\",\"@id\":\"https:\\\/\\\/bencard.ch\\\/fr\\\/ueber-bencard\\\/informations-juridiques\\\/\",\"url\":\"https:\\\/\\\/bencard.ch\\\/fr\\\/ueber-bencard\\\/informations-juridiques\\\/\",\"name\":\"Informations juridiques - Bencard AG\",\"isPartOf\":{\"@id\":\"https:\\\/\\\/bencard.ch\\\/fr\\\/#website\"},\"datePublished\":\"2017-09-22T12:34:02+00:00\",\"dateModified\":\"2020-07-30T07:50:42+00:00\",\"breadcrumb\":{\"@id\":\"https:\\\/\\\/bencard.ch\\\/fr\\\/ueber-bencard\\\/informations-juridiques\\\/#breadcrumb\"},\"inLanguage\":\"fr-FR\",\"potentialAction\":[{\"@type\":\"ReadAction\",\"target\":[\"https:\\\/\\\/bencard.ch\\\/fr\\\/ueber-bencard\\\/informations-juridiques\\\/\"]}]},{\"@type\":\"BreadcrumbList\",\"@id\":\"https:\\\/\\\/bencard.ch\\\/fr\\\/ueber-bencard\\\/informations-juridiques\\\/#breadcrumb\",\"itemListElement\":[{\"@type\":\"ListItem\",\"position\":1,\"name\":\"Home\",\"item\":\"https:\\\/\\\/bencard.ch\\\/fr\\\/\"},{\"@type\":\"ListItem\",\"position\":2,\"name\":\"Sur Bencard\",\"item\":\"https:\\\/\\\/bencard.ch\\\/fr\\\/\"},{\"@type\":\"ListItem\",\"position\":3,\"name\":\"Informations juridiques\"}]},{\"@type\":\"WebSite\",\"@id\":\"https:\\\/\\\/bencard.ch\\\/fr\\\/#website\",\"url\":\"https:\\\/\\\/bencard.ch\\\/fr\\\/\",\"name\":\"Bencard\",\"description\":\"Votre partenaire dans les domaines Allergie et Diagnostic pour laboratoire\",\"publisher\":{\"@id\":\"https:\\\/\\\/bencard.ch\\\/fr\\\/#organization\"},\"potentialAction\":[{\"@type\":\"SearchAction\",\"target\":{\"@type\":\"EntryPoint\",\"urlTemplate\":\"https:\\\/\\\/bencard.ch\\\/fr\\\/?s={search_term_string}\"},\"query-input\":{\"@type\":\"PropertyValueSpecification\",\"valueRequired\":true,\"valueName\":\"search_term_string\"}}],\"inLanguage\":\"fr-FR\"},{\"@type\":\"Organization\",\"@id\":\"https:\\\/\\\/bencard.ch\\\/fr\\\/#organization\",\"name\":\"Bencard AG\",\"url\":\"https:\\\/\\\/bencard.ch\\\/fr\\\/\",\"logo\":{\"@type\":\"ImageObject\",\"inLanguage\":\"fr-FR\",\"@id\":\"https:\\\/\\\/bencard.ch\\\/fr\\\/#\\\/schema\\\/logo\\\/image\\\/\",\"url\":\"https:\\\/\\\/bencard.ch\\\/wp-content\\\/uploads\\\/2020\\\/06\\\/Bencard_Logo_cmyk-e1645109838669.png\",\"contentUrl\":\"https:\\\/\\\/bencard.ch\\\/wp-content\\\/uploads\\\/2020\\\/06\\\/Bencard_Logo_cmyk-e1645109838669.png\",\"width\":289,\"height\":90,\"caption\":\"Bencard AG\"},\"image\":{\"@id\":\"https:\\\/\\\/bencard.ch\\\/fr\\\/#\\\/schema\\\/logo\\\/image\\\/\"},\"sameAs\":[\"https:\\\/\\\/www.linkedin.com\\\/company\\\/bencard-ag\"]}]}<\/script>\n<!-- \/ Yoast SEO plugin. -->","yoast_head_json":{"title":"Informations juridiques - Bencard AG","robots":{"index":"index","follow":"follow","max-snippet":"max-snippet:-1","max-image-preview":"max-image-preview:large","max-video-preview":"max-video-preview:-1"},"canonical":"https:\/\/bencard.ch\/fr\/ueber-bencard\/informations-juridiques\/","twitter_misc":{"Dur\u00e9e de lecture estim\u00e9e":"3 minutes"},"schema":{"@context":"https:\/\/schema.org","@graph":[{"@type":"WebPage","@id":"https:\/\/bencard.ch\/fr\/ueber-bencard\/informations-juridiques\/","url":"https:\/\/bencard.ch\/fr\/ueber-bencard\/informations-juridiques\/","name":"Informations juridiques - Bencard AG","isPartOf":{"@id":"https:\/\/bencard.ch\/fr\/#website"},"datePublished":"2017-09-22T12:34:02+00:00","dateModified":"2020-07-30T07:50:42+00:00","breadcrumb":{"@id":"https:\/\/bencard.ch\/fr\/ueber-bencard\/informations-juridiques\/#breadcrumb"},"inLanguage":"fr-FR","potentialAction":[{"@type":"ReadAction","target":["https:\/\/bencard.ch\/fr\/ueber-bencard\/informations-juridiques\/"]}]},{"@type":"BreadcrumbList","@id":"https:\/\/bencard.ch\/fr\/ueber-bencard\/informations-juridiques\/#breadcrumb","itemListElement":[{"@type":"ListItem","position":1,"name":"Home","item":"https:\/\/bencard.ch\/fr\/"},{"@type":"ListItem","position":2,"name":"Sur Bencard","item":"https:\/\/bencard.ch\/fr\/"},{"@type":"ListItem","position":3,"name":"Informations juridiques"}]},{"@type":"WebSite","@id":"https:\/\/bencard.ch\/fr\/#website","url":"https:\/\/bencard.ch\/fr\/","name":"Bencard","description":"Votre partenaire dans les domaines Allergie et Diagnostic pour laboratoire","publisher":{"@id":"https:\/\/bencard.ch\/fr\/#organization"},"potentialAction":[{"@type":"SearchAction","target":{"@type":"EntryPoint","urlTemplate":"https:\/\/bencard.ch\/fr\/?s={search_term_string}"},"query-input":{"@type":"PropertyValueSpecification","valueRequired":true,"valueName":"search_term_string"}}],"inLanguage":"fr-FR"},{"@type":"Organization","@id":"https:\/\/bencard.ch\/fr\/#organization","name":"Bencard AG","url":"https:\/\/bencard.ch\/fr\/","logo":{"@type":"ImageObject","inLanguage":"fr-FR","@id":"https:\/\/bencard.ch\/fr\/#\/schema\/logo\/image\/","url":"https:\/\/bencard.ch\/wp-content\/uploads\/2020\/06\/Bencard_Logo_cmyk-e1645109838669.png","contentUrl":"https:\/\/bencard.ch\/wp-content\/uploads\/2020\/06\/Bencard_Logo_cmyk-e1645109838669.png","width":289,"height":90,"caption":"Bencard AG"},"image":{"@id":"https:\/\/bencard.ch\/fr\/#\/schema\/logo\/image\/"},"sameAs":["https:\/\/www.linkedin.com\/company\/bencard-ag"]}]}},"_links":{"self":[{"href":"https:\/\/bencard.ch\/fr\/wp-json\/wp\/v2\/pages\/7896","targetHints":{"allow":["GET"]}}],"collection":[{"href":"https:\/\/bencard.ch\/fr\/wp-json\/wp\/v2\/pages"}],"about":[{"href":"https:\/\/bencard.ch\/fr\/wp-json\/wp\/v2\/types\/page"}],"author":[{"embeddable":true,"href":"https:\/\/bencard.ch\/fr\/wp-json\/wp\/v2\/users\/1"}],"replies":[{"embeddable":true,"href":"https:\/\/bencard.ch\/fr\/wp-json\/wp\/v2\/comments?post=7896"}],"version-history":[{"count":5,"href":"https:\/\/bencard.ch\/fr\/wp-json\/wp\/v2\/pages\/7896\/revisions"}],"predecessor-version":[{"id":12846,"href":"https:\/\/bencard.ch\/fr\/wp-json\/wp\/v2\/pages\/7896\/revisions\/12846"}],"up":[{"embeddable":true,"href":"https:\/\/bencard.ch\/fr\/wp-json\/wp\/v2\/pages\/730"}],"wp:attachment":[{"href":"https:\/\/bencard.ch\/fr\/wp-json\/wp\/v2\/media?parent=7896"}],"curies":[{"name":"wp","href":"https:\/\/api.w.org\/{rel}","templated":true}]}}