{"id":8252,"date":"2017-10-10T11:08:57","date_gmt":"2017-10-10T11:08:57","guid":{"rendered":"http:\/\/bencard.dev4.webkoenig.ch\/?page_id=8252\/"},"modified":"2020-07-31T08:14:40","modified_gmt":"2020-07-31T08:14:40","slug":"pour-medecins","status":"publish","type":"page","link":"https:\/\/bencard.ch\/fr\/allergie\/pour-medecins\/","title":{"rendered":"Pour M\u00e9decins"},"content":{"rendered":"<div class=\"wpb-content-wrapper\">[vc_section el_class=\u00a0\u00bbsection-padding-top\u00a0\u00bb][vc_row][vc_column]\n\t\t\t<!-- START AllergieMedecins REVOLUTION SLIDER 6.7.41 --><p class=\"rs-p-wp-fix\"><\/p>\n\t\t\t<rs-module-wrap id=\"rev_slider_11_1_wrapper\" data-source=\"gallery\" style=\"visibility:hidden;background:transparent;padding:0;margin:0px auto;margin-top:0;margin-bottom:0;\">\n\t\t\t\t<rs-module id=\"rev_slider_11_1\" style=\"\" data-version=\"6.7.41\">\n\t\t\t\t\t<rs-slides style=\"overflow: hidden; position: absolute;\">\n\t\t\t\t\t\t<rs-slide style=\"position: absolute;\" data-key=\"rs-16\" data-title=\"Slide\" data-anim=\"adpr:false;\">\n\t\t\t\t\t\t\t<img src=\"\/\/bencard.ch\/wp-content\/plugins\/revslider\/sr6\/assets\/assets\/dummy.png\" alt=\"\" title=\"Pour M\u00e9decins\" class=\"rev-slidebg tp-rs-img rs-lazyload\" data-lazyload=\"\/\/bencard.ch\/wp-content\/uploads\/2017\/06\/bencard_fuer-aerzte-header.jpg\" data-parallax=\"14\" data-no-retina>\n<!---->\t\t\t\t\t<\/rs-slide>\n\t\t\t\t\t<\/rs-slides>\n\t\t\t\t\t<rs-static-layers class=\"rs-stl-visible\"><!--\n\n\t\t\t\t\t\t\t--><rs-layer\n\t\t\t\t\t\t\t\tid=\"slider-11-slide-11-layer-18\" \n\t\t\t\t\t\t\t\tclass=\"rs-layer-static\"\n\t\t\t\t\t\t\t\tdata-type=\"image\"\n\t\t\t\t\t\t\t\tdata-rsp_ch=\"on\"\n\t\t\t\t\t\t\t\tdata-xy=\"x:-181px;y:609px;\"\n\t\t\t\t\t\t\t\tdata-text=\"l:22;a:inherit;\"\n\t\t\t\t\t\t\t\tdata-dim=\"w:384px;h:435px;\"\n\t\t\t\t\t\t\t\tdata-onslides=\"s:-1;e:-1;\"\n\t\t\t\t\t\t\t\tdata-frame_0=\"tp:600;\"\n\t\t\t\t\t\t\t\tdata-frame_1=\"tp:600;st:0;\"\n\t\t\t\t\t\t\t\tdata-frame_999=\"o:0;tp:600;st:w;sR:8700;\"\n\t\t\t\t\t\t\t\tstyle=\"z-index:5;\"\n\t\t\t\t\t\t\t><img src=\"\/\/bencard.ch\/wp-content\/plugins\/revslider\/sr6\/assets\/assets\/dummy.png\" alt=\"\" class=\"tp-rs-img rs-lazyload\" width=\"158\" height=\"179\" data-lazyload=\"\/\/bencard.ch\/wp-content\/uploads\/2020\/06\/Element-20hexagon-filled-azure.svg\" data-no-retina> \n\t\t\t\t\t\t\t<\/rs-layer><!--\n\n\t\t\t\t\t\t\t--><rs-layer\n\t\t\t\t\t\t\t\tid=\"slider-11-slide-11-layer-19\" \n\t\t\t\t\t\t\t\tclass=\"rs-layer-static\"\n\t\t\t\t\t\t\t\tdata-type=\"image\"\n\t\t\t\t\t\t\t\tdata-rsp_ch=\"on\"\n\t\t\t\t\t\t\t\tdata-xy=\"x:1819px;y:118px;\"\n\t\t\t\t\t\t\t\tdata-text=\"l:22;a:inherit;\"\n\t\t\t\t\t\t\t\tdata-dim=\"w:215px;h:355px;\"\n\t\t\t\t\t\t\t\tdata-onslides=\"s:-1;e:-1;\"\n\t\t\t\t\t\t\t\tdata-frame_0=\"rZ:180;tp:600;\"\n\t\t\t\t\t\t\t\tdata-frame_1=\"rZ:180;tp:600;st:0;\"\n\t\t\t\t\t\t\t\tdata-frame_999=\"o:0;tp:600;st:w;sR:8700;\"\n\t\t\t\t\t\t\t\tstyle=\"z-index:6;\"\n\t\t\t\t\t\t\t><img src=\"\/\/bencard.ch\/wp-content\/plugins\/revslider\/sr6\/assets\/assets\/dummy.png\" alt=\"\" class=\"tp-rs-img rs-lazyload\" width=\"132\" height=\"218\" data-lazyload=\"\/\/bencard.ch\/wp-content\/uploads\/2020\/06\/Element-41lines-semicircle-yellow.svg\" data-no-retina> \n\t\t\t\t\t\t\t<\/rs-layer><!--\n\t\t\t\t\t--><\/rs-static-layers>\n\t\t\t\t<\/rs-module>\n\t\t\t\t<script>\n\t\t\t\t\tsetREVStartSize({c: 'rev_slider_11_1',rl:[1240,1024,778,480],el:[],gw:[1920],gh:[900],type:'hero',justify:'',layout:'fullwidth',mh:\"0\"});if (window.RS_MODULES!==undefined && window.RS_MODULES.modules!==undefined && window.RS_MODULES.modules[\"revslider111\"]!==undefined) {window.RS_MODULES.modules[\"revslider111\"].once = false;window.revapi11 = undefined;if (window.RS_MODULES.checkMinimal!==undefined) window.RS_MODULES.checkMinimal()}\n\t\t\t\t<\/script>\n\t\t\t<\/rs-module-wrap>\n\t\t\t<!-- END REVOLUTION SLIDER -->\n[\/vc_column][\/vc_row][\/vc_section][vc_row gap=\u00a0\u00bb20&Prime; equal_height=\u00a0\u00bbyes\u00a0\u00bb luv_has_column_margin=\u00a0\u00bbtrue\u00a0\u00bb luv_column_margin=\u00a0\u00bb20&Prime; el_class=\u00a0\u00bbwk-navigation\u00a0\u00bb][vc_column]<div class=\"wpb-content-wrapper\">[vc_row full_width=\u00a0\u00bbstretch_row\u00a0\u00bb gap=\u00a0\u00bb30&Prime; equal_height=\u00a0\u00bbyes\u00a0\u00bb luv_has_column_margin=\u00a0\u00bbtrue\u00a0\u00bb el_class=\u00a0\u00bbwk-navigation-row\u00a0\u00bb luv_column_margin=\u00a0\u00bb20&Prime;][vc_column width=\u00a0\u00bb1\/6&Prime; css=\u00a0\u00bb.vc_custom_1498725851091{padding-top: 0px !important;}\u00a0\u00bb][\/vc_column][vc_column width=\u00a0\u00bb1\/3&Prime; css=\u00a0\u00bb.vc_custom_1509449960174{padding-top: 0px !important;}\u00a0\u00bb]<a href=\"\/fr\/allergie\/pour-medecins\/produits\/\" target=\"_self\" class=\"btn btn-shortcode btn-full btn-block btn-l bencard_dynamic-0d5986c7\" ><span>Produits<\/span><\/a>[\/vc_column][vc_column width=\u00a0\u00bb1\/3&Prime; css=\u00a0\u00bb.vc_custom_1498725838853{padding-top: 0px !important;}\u00a0\u00bb]<a href=\"\/fr\/allergie\/pour-medecins\/commander\/\" target=\"_self\" class=\"btn btn-shortcode btn-full btn-block btn-l bencard_dynamic-0d5986c7\" ><span>Commander des produits \/ t\u00e9l\u00e9charger<\/span><\/a>[\/vc_column][vc_column width=\u00a0\u00bb1\/6&Prime;][\/vc_column][\/vc_row]\n<\/div>[\/vc_column][\/vc_row][vc_row full_width=\u00a0\u00bbstretch_row\u00a0\u00bb gap=\u00a0\u00bb20&Prime; equal_height=\u00a0\u00bbyes\u00a0\u00bb luv_has_column_margin=\u00a0\u00bbtrue\u00a0\u00bb el_class=\u00a0\u00bbwk-row\u00a0\u00bb luv_column_margin=\u00a0\u00bb20&Prime;][vc_column width=\u00a0\u00bb1\/2&Prime;][vc_column_text el_class=\u00a0\u00bbwk-font-big\u00a0\u00bb]\n<h2>Login pour m\u00e9decins et professionnels de la sant\u00e9<\/h2>\n<p>L\u2019acc\u00e8s \u00e0 ce domaine pour m\u00e9decins et professionnels de la sant\u00e9 est prot\u00e9g\u00e9 par mot de passe de Swiss-RX. Connectez-vous ou demandez votre enregistrement.<\/p>\n\r\n\r\n  <form class=\"rx-login-added-form wk-lang-fr\"\r\n        action=\"https:\/\/swiss-rx-login.ch\"\r\n        method=\"post\">\r\n\r\n    <a href=\"javascript: \/\/ nop\"\r\n       class=\"btn btn-shortcode btn-l btn-full rx-login bencard wk-lang-fr wpex-data-hover\"\r\n       title=\"Swiss-RX Login\"\r\n       onclick=\"try{this.closest('form').submit();}catch(e){this.parentNode.submit();}\">\r\n      <span class=\"vcex-button-inner\">\r\n        <span class=\"ticon ticon-key\" style=\"padding:0;\"><\/span>\r\n        Login      <\/span>\r\n    <\/a>\r\n\r\n    <!-- Verbindliche Swiss-RX Parameter -->\r\n    <input type=\"hidden\" name=\"GLN\"     value=\"7601001001794\"\/>\r\n    <input type=\"hidden\" name=\"Lang\"    value=\"FR\"\/>\r\n\r\n    <!-- Robuste R\u00fcckleitungs-URL -->\r\n    <input type=\"hidden\" name=\"BackURL\" value=\"https:\/\/bencard.ch\/fr\/allergie\/fuer-aerzte\/\"\/>\r\n\r\n  <\/form>\r\n[\/vc_column_text][\/vc_column][vc_column width=\u00a0\u00bb1\/2&Prime;][\/vc_column][\/vc_row]\n<\/div>","protected":false},"excerpt":{"rendered":"<p>[vc_section el_class=\u00a0\u00bbsection-padding-top\u00a0\u00bb][vc_row][vc_column][\/vc_column][\/vc_row][\/vc_section][vc_row gap=\u00a0\u00bb20&Prime; equal_height=\u00a0\u00bbyes\u00a0\u00bb luv_has_column_margin=\u00a0\u00bbtrue\u00a0\u00bb luv_column_margin=\u00a0\u00bb20&Prime; el_class=\u00a0\u00bbwk-navigation\u00a0\u00bb][vc_column][\/vc_column][\/vc_row][vc_row full_width=\u00a0\u00bbstretch_row\u00a0\u00bb gap=\u00a0\u00bb20&Prime; equal_height=\u00a0\u00bbyes\u00a0\u00bb luv_has_column_margin=\u00a0\u00bbtrue\u00a0\u00bb el_class=\u00a0\u00bbwk-row\u00a0\u00bb luv_column_margin=\u00a0\u00bb20&Prime;][vc_column width=\u00a0\u00bb1\/2&Prime;][vc_column_text el_class=\u00a0\u00bbwk-font-big\u00a0\u00bb] Login pour m\u00e9decins et professionnels de la sant\u00e9 L\u2019acc\u00e8s \u00e0 ce domaine pour m\u00e9decins et professionnels de la sant\u00e9 est prot\u00e9g\u00e9 par mot de passe de Swiss-RX. Connectez-vous ou demandez votre enregistrement. [\/vc_column_text][\/vc_column][vc_column width=\u00a0\u00bb1\/2&Prime;][\/vc_column][\/vc_row]<\/p>\n","protected":false},"author":1,"featured_media":0,"parent":618,"menu_order":0,"comment_status":"closed","ping_status":"closed","template":"","meta":{"_acf_changed":false,"footnotes":""},"class_list":["post-8252","page","type-page","status-publish","hentry","entry","no-media"],"acf":[],"yoast_head":"<!-- This site is optimized with the Yoast SEO plugin v27.3 - https:\/\/yoast.com\/product\/yoast-seo-wordpress\/ -->\n<title>Login pour m\u00e9decins et professionnels de la sant\u00e9<\/title>\n<meta name=\"description\" content=\"L\u2019acc\u00e8s \u00e0 ce domaine pour m\u00e9decins et professionnels de la sant\u00e9 est prot\u00e9g\u00e9 par mot de passe de Swiss-RX.\" \/>\n<meta name=\"robots\" content=\"index, follow, max-snippet:-1, max-image-preview:large, max-video-preview:-1\" \/>\n<link rel=\"canonical\" href=\"https:\/\/bencard.ch\/fr\/allergie\/pour-medecins\/\" \/>\n<meta name=\"twitter:label1\" content=\"Dur\u00e9e de lecture estim\u00e9e\" \/>\n\t<meta name=\"twitter:data1\" content=\"1 minute\" \/>\n<script type=\"application\/ld+json\" class=\"yoast-schema-graph\">{\"@context\":\"https:\\\/\\\/schema.org\",\"@graph\":[{\"@type\":\"WebPage\",\"@id\":\"https:\\\/\\\/bencard.ch\\\/fr\\\/allergie\\\/pour-medecins\\\/\",\"url\":\"https:\\\/\\\/bencard.ch\\\/fr\\\/allergie\\\/pour-medecins\\\/\",\"name\":\"Login pour m\u00e9decins et professionnels de la sant\u00e9\",\"isPartOf\":{\"@id\":\"https:\\\/\\\/bencard.ch\\\/fr\\\/#website\"},\"datePublished\":\"2017-10-10T11:08:57+00:00\",\"dateModified\":\"2020-07-31T08:14:40+00:00\",\"description\":\"L\u2019acc\u00e8s \u00e0 ce domaine pour m\u00e9decins et professionnels de la sant\u00e9 est prot\u00e9g\u00e9 par mot de passe de Swiss-RX.\",\"breadcrumb\":{\"@id\":\"https:\\\/\\\/bencard.ch\\\/fr\\\/allergie\\\/pour-medecins\\\/#breadcrumb\"},\"inLanguage\":\"fr-FR\",\"potentialAction\":[{\"@type\":\"ReadAction\",\"target\":[\"https:\\\/\\\/bencard.ch\\\/fr\\\/allergie\\\/pour-medecins\\\/\"]}]},{\"@type\":\"BreadcrumbList\",\"@id\":\"https:\\\/\\\/bencard.ch\\\/fr\\\/allergie\\\/pour-medecins\\\/#breadcrumb\",\"itemListElement\":[{\"@type\":\"ListItem\",\"position\":1,\"name\":\"Home\",\"item\":\"https:\\\/\\\/bencard.ch\\\/fr\\\/\"},{\"@type\":\"ListItem\",\"position\":2,\"name\":\"Allergie\",\"item\":\"https:\\\/\\\/bencard.ch\\\/fr\\\/allergie\\\/\"},{\"@type\":\"ListItem\",\"position\":3,\"name\":\"Pour M\u00e9decins\"}]},{\"@type\":\"WebSite\",\"@id\":\"https:\\\/\\\/bencard.ch\\\/fr\\\/#website\",\"url\":\"https:\\\/\\\/bencard.ch\\\/fr\\\/\",\"name\":\"Bencard\",\"description\":\"Votre partenaire dans les domaines Allergie et Diagnostic pour laboratoire\",\"publisher\":{\"@id\":\"https:\\\/\\\/bencard.ch\\\/fr\\\/#organization\"},\"potentialAction\":[{\"@type\":\"SearchAction\",\"target\":{\"@type\":\"EntryPoint\",\"urlTemplate\":\"https:\\\/\\\/bencard.ch\\\/fr\\\/?s={search_term_string}\"},\"query-input\":{\"@type\":\"PropertyValueSpecification\",\"valueRequired\":true,\"valueName\":\"search_term_string\"}}],\"inLanguage\":\"fr-FR\"},{\"@type\":\"Organization\",\"@id\":\"https:\\\/\\\/bencard.ch\\\/fr\\\/#organization\",\"name\":\"Bencard AG\",\"url\":\"https:\\\/\\\/bencard.ch\\\/fr\\\/\",\"logo\":{\"@type\":\"ImageObject\",\"inLanguage\":\"fr-FR\",\"@id\":\"https:\\\/\\\/bencard.ch\\\/fr\\\/#\\\/schema\\\/logo\\\/image\\\/\",\"url\":\"https:\\\/\\\/bencard.ch\\\/wp-content\\\/uploads\\\/2020\\\/06\\\/Bencard_Logo_cmyk-e1645109838669.png\",\"contentUrl\":\"https:\\\/\\\/bencard.ch\\\/wp-content\\\/uploads\\\/2020\\\/06\\\/Bencard_Logo_cmyk-e1645109838669.png\",\"width\":289,\"height\":90,\"caption\":\"Bencard AG\"},\"image\":{\"@id\":\"https:\\\/\\\/bencard.ch\\\/fr\\\/#\\\/schema\\\/logo\\\/image\\\/\"},\"sameAs\":[\"https:\\\/\\\/www.linkedin.com\\\/company\\\/bencard-ag\"]}]}<\/script>\n<!-- \/ Yoast SEO plugin. -->","yoast_head_json":{"title":"Login pour m\u00e9decins et professionnels de la sant\u00e9","description":"L\u2019acc\u00e8s \u00e0 ce domaine pour m\u00e9decins et professionnels de la sant\u00e9 est prot\u00e9g\u00e9 par mot de passe de Swiss-RX.","robots":{"index":"index","follow":"follow","max-snippet":"max-snippet:-1","max-image-preview":"max-image-preview:large","max-video-preview":"max-video-preview:-1"},"canonical":"https:\/\/bencard.ch\/fr\/allergie\/pour-medecins\/","twitter_misc":{"Dur\u00e9e de lecture estim\u00e9e":"1 minute"},"schema":{"@context":"https:\/\/schema.org","@graph":[{"@type":"WebPage","@id":"https:\/\/bencard.ch\/fr\/allergie\/pour-medecins\/","url":"https:\/\/bencard.ch\/fr\/allergie\/pour-medecins\/","name":"Login pour m\u00e9decins et professionnels de la sant\u00e9","isPartOf":{"@id":"https:\/\/bencard.ch\/fr\/#website"},"datePublished":"2017-10-10T11:08:57+00:00","dateModified":"2020-07-31T08:14:40+00:00","description":"L\u2019acc\u00e8s \u00e0 ce domaine pour m\u00e9decins et professionnels de la sant\u00e9 est prot\u00e9g\u00e9 par mot de passe de Swiss-RX.","breadcrumb":{"@id":"https:\/\/bencard.ch\/fr\/allergie\/pour-medecins\/#breadcrumb"},"inLanguage":"fr-FR","potentialAction":[{"@type":"ReadAction","target":["https:\/\/bencard.ch\/fr\/allergie\/pour-medecins\/"]}]},{"@type":"BreadcrumbList","@id":"https:\/\/bencard.ch\/fr\/allergie\/pour-medecins\/#breadcrumb","itemListElement":[{"@type":"ListItem","position":1,"name":"Home","item":"https:\/\/bencard.ch\/fr\/"},{"@type":"ListItem","position":2,"name":"Allergie","item":"https:\/\/bencard.ch\/fr\/allergie\/"},{"@type":"ListItem","position":3,"name":"Pour M\u00e9decins"}]},{"@type":"WebSite","@id":"https:\/\/bencard.ch\/fr\/#website","url":"https:\/\/bencard.ch\/fr\/","name":"Bencard","description":"Votre partenaire dans les domaines Allergie et Diagnostic pour laboratoire","publisher":{"@id":"https:\/\/bencard.ch\/fr\/#organization"},"potentialAction":[{"@type":"SearchAction","target":{"@type":"EntryPoint","urlTemplate":"https:\/\/bencard.ch\/fr\/?s={search_term_string}"},"query-input":{"@type":"PropertyValueSpecification","valueRequired":true,"valueName":"search_term_string"}}],"inLanguage":"fr-FR"},{"@type":"Organization","@id":"https:\/\/bencard.ch\/fr\/#organization","name":"Bencard AG","url":"https:\/\/bencard.ch\/fr\/","logo":{"@type":"ImageObject","inLanguage":"fr-FR","@id":"https:\/\/bencard.ch\/fr\/#\/schema\/logo\/image\/","url":"https:\/\/bencard.ch\/wp-content\/uploads\/2020\/06\/Bencard_Logo_cmyk-e1645109838669.png","contentUrl":"https:\/\/bencard.ch\/wp-content\/uploads\/2020\/06\/Bencard_Logo_cmyk-e1645109838669.png","width":289,"height":90,"caption":"Bencard AG"},"image":{"@id":"https:\/\/bencard.ch\/fr\/#\/schema\/logo\/image\/"},"sameAs":["https:\/\/www.linkedin.com\/company\/bencard-ag"]}]}},"_links":{"self":[{"href":"https:\/\/bencard.ch\/fr\/wp-json\/wp\/v2\/pages\/8252","targetHints":{"allow":["GET"]}}],"collection":[{"href":"https:\/\/bencard.ch\/fr\/wp-json\/wp\/v2\/pages"}],"about":[{"href":"https:\/\/bencard.ch\/fr\/wp-json\/wp\/v2\/types\/page"}],"author":[{"embeddable":true,"href":"https:\/\/bencard.ch\/fr\/wp-json\/wp\/v2\/users\/1"}],"replies":[{"embeddable":true,"href":"https:\/\/bencard.ch\/fr\/wp-json\/wp\/v2\/comments?post=8252"}],"version-history":[{"count":5,"href":"https:\/\/bencard.ch\/fr\/wp-json\/wp\/v2\/pages\/8252\/revisions"}],"predecessor-version":[{"id":12860,"href":"https:\/\/bencard.ch\/fr\/wp-json\/wp\/v2\/pages\/8252\/revisions\/12860"}],"up":[{"embeddable":true,"href":"https:\/\/bencard.ch\/fr\/wp-json\/wp\/v2\/pages\/618"}],"wp:attachment":[{"href":"https:\/\/bencard.ch\/fr\/wp-json\/wp\/v2\/media?parent=8252"}],"curies":[{"name":"wp","href":"https:\/\/api.w.org\/{rel}","templated":true}]}}