{"id":8812,"date":"2017-12-08T13:03:25","date_gmt":"2017-12-08T13:03:25","guid":{"rendered":"https:\/\/bencard.ch\/?page_id=8812"},"modified":"2022-04-20T09:43:41","modified_gmt":"2022-04-20T09:43:41","slug":"options-pour-commander","status":"publish","type":"page","link":"https:\/\/bencard.ch\/fr\/protection-acariens\/options-pour-commander\/","title":{"rendered":"Options pour commander"},"content":{"rendered":"<div class=\"wpb-content-wrapper\">[vc_section][vc_row][vc_column][vc_column_text]\n<h2>Options:<\/h2>\n<ul>\n<li>Internet; sur le site suivant:<br \/>\n<a href=\"\/milbenschutz\/shop\/\" target=\"_self\" class=\"btn btn-shortcode btn-full btn-s btn-icon btn-icon-default-left bencard_dynamic-d522a75f\" ><span><i class=\"ion-ios-arrow-right\"><\/i><\/span><span>commande dans la boutique<\/span><\/a><\/li>\n<\/ul>\n[\/vc_column_text][\/vc_column][\/vc_row][vc_row el_class=\u00a0\u00bbno-border\u00a0\u00bb][vc_column][vc_column_text]\n<ul>\n<li>Courrier; \u00e0 l\u2019adresse de Bencard AG, Postfach 20, CH-8606 Greifensee, Fax au 044\/942 00 19.<\/li>\n<li>T\u00e9l\u00e9phone; au 044\/942 00 13, pendant les heures de bureau.<\/li>\n<li>Visite \u00e0 notre adresse (Tumigerstrasse 71), \u00e9galement aux heures de bureau. Vous pourriez alors v\u00e9rifier directement les articles et les emporter.<br \/>\nNous vous conseillerions volontiers.<\/li>\n<\/ul>\n[\/vc_column_text][\/vc_column][\/vc_row][\/vc_section]\n<\/div>","protected":false},"excerpt":{"rendered":"<p>[vc_section][vc_row][vc_column][vc_column_text] Options: Internet; sur le site suivant: [\/vc_column_text][\/vc_column][\/vc_row][vc_row el_class=\u00a0\u00bbno-border\u00a0\u00bb][vc_column][vc_column_text] Courrier; \u00e0 l\u2019adresse de Bencard AG, Postfach 20, CH-8606 Greifensee, Fax au 044\/942 00 19. T\u00e9l\u00e9phone; au 044\/942 00 13, pendant les heures de bureau. Visite \u00e0 notre adresse (Tumigerstrasse 71), \u00e9galement aux heures de bureau. Vous pourriez alors v\u00e9rifier directement les articles et les emporter.&hellip;<\/p>\n","protected":false},"author":2,"featured_media":0,"parent":615,"menu_order":0,"comment_status":"closed","ping_status":"closed","template":"","meta":{"_acf_changed":false,"footnotes":""},"class_list":["post-8812","page","type-page","status-publish","hentry","entry","no-media"],"acf":[],"yoast_head":"<!-- This site is optimized with the Yoast SEO plugin v27.3 - https:\/\/yoast.com\/product\/yoast-seo-wordpress\/ -->\n<title>Options pour commander - Bencard AG<\/title>\n<meta name=\"robots\" content=\"index, follow, max-snippet:-1, max-image-preview:large, max-video-preview:-1\" \/>\n<link rel=\"canonical\" href=\"https:\/\/bencard.ch\/fr\/protection-acariens\/options-pour-commander\/\" \/>\n<meta name=\"twitter:label1\" content=\"Dur\u00e9e de lecture estim\u00e9e\" \/>\n\t<meta name=\"twitter:data1\" content=\"1 minute\" \/>\n<script type=\"application\/ld+json\" class=\"yoast-schema-graph\">{\"@context\":\"https:\\\/\\\/schema.org\",\"@graph\":[{\"@type\":\"WebPage\",\"@id\":\"https:\\\/\\\/bencard.ch\\\/fr\\\/protection-acariens\\\/options-pour-commander\\\/\",\"url\":\"https:\\\/\\\/bencard.ch\\\/fr\\\/protection-acariens\\\/options-pour-commander\\\/\",\"name\":\"Options pour commander - Bencard AG\",\"isPartOf\":{\"@id\":\"https:\\\/\\\/bencard.ch\\\/fr\\\/#website\"},\"datePublished\":\"2017-12-08T13:03:25+00:00\",\"dateModified\":\"2022-04-20T09:43:41+00:00\",\"breadcrumb\":{\"@id\":\"https:\\\/\\\/bencard.ch\\\/fr\\\/protection-acariens\\\/options-pour-commander\\\/#breadcrumb\"},\"inLanguage\":\"fr-FR\",\"potentialAction\":[{\"@type\":\"ReadAction\",\"target\":[\"https:\\\/\\\/bencard.ch\\\/fr\\\/protection-acariens\\\/options-pour-commander\\\/\"]}]},{\"@type\":\"BreadcrumbList\",\"@id\":\"https:\\\/\\\/bencard.ch\\\/fr\\\/protection-acariens\\\/options-pour-commander\\\/#breadcrumb\",\"itemListElement\":[{\"@type\":\"ListItem\",\"position\":1,\"name\":\"Home\",\"item\":\"https:\\\/\\\/bencard.ch\\\/fr\\\/\"},{\"@type\":\"ListItem\",\"position\":2,\"name\":\"Protection Acariens\",\"item\":\"https:\\\/\\\/bencard.ch\\\/fr\\\/protection-acariens\\\/\"},{\"@type\":\"ListItem\",\"position\":3,\"name\":\"Options pour commander\"}]},{\"@type\":\"WebSite\",\"@id\":\"https:\\\/\\\/bencard.ch\\\/fr\\\/#website\",\"url\":\"https:\\\/\\\/bencard.ch\\\/fr\\\/\",\"name\":\"Bencard\",\"description\":\"Votre partenaire dans les domaines Allergie et Diagnostic pour laboratoire\",\"publisher\":{\"@id\":\"https:\\\/\\\/bencard.ch\\\/fr\\\/#organization\"},\"potentialAction\":[{\"@type\":\"SearchAction\",\"target\":{\"@type\":\"EntryPoint\",\"urlTemplate\":\"https:\\\/\\\/bencard.ch\\\/fr\\\/?s={search_term_string}\"},\"query-input\":{\"@type\":\"PropertyValueSpecification\",\"valueRequired\":true,\"valueName\":\"search_term_string\"}}],\"inLanguage\":\"fr-FR\"},{\"@type\":\"Organization\",\"@id\":\"https:\\\/\\\/bencard.ch\\\/fr\\\/#organization\",\"name\":\"Bencard AG\",\"url\":\"https:\\\/\\\/bencard.ch\\\/fr\\\/\",\"logo\":{\"@type\":\"ImageObject\",\"inLanguage\":\"fr-FR\",\"@id\":\"https:\\\/\\\/bencard.ch\\\/fr\\\/#\\\/schema\\\/logo\\\/image\\\/\",\"url\":\"https:\\\/\\\/bencard.ch\\\/wp-content\\\/uploads\\\/2020\\\/06\\\/Bencard_Logo_cmyk-e1645109838669.png\",\"contentUrl\":\"https:\\\/\\\/bencard.ch\\\/wp-content\\\/uploads\\\/2020\\\/06\\\/Bencard_Logo_cmyk-e1645109838669.png\",\"width\":289,\"height\":90,\"caption\":\"Bencard AG\"},\"image\":{\"@id\":\"https:\\\/\\\/bencard.ch\\\/fr\\\/#\\\/schema\\\/logo\\\/image\\\/\"},\"sameAs\":[\"https:\\\/\\\/www.linkedin.com\\\/company\\\/bencard-ag\"]}]}<\/script>\n<!-- \/ Yoast SEO plugin. -->","yoast_head_json":{"title":"Options pour commander - Bencard AG","robots":{"index":"index","follow":"follow","max-snippet":"max-snippet:-1","max-image-preview":"max-image-preview:large","max-video-preview":"max-video-preview:-1"},"canonical":"https:\/\/bencard.ch\/fr\/protection-acariens\/options-pour-commander\/","twitter_misc":{"Dur\u00e9e de lecture estim\u00e9e":"1 minute"},"schema":{"@context":"https:\/\/schema.org","@graph":[{"@type":"WebPage","@id":"https:\/\/bencard.ch\/fr\/protection-acariens\/options-pour-commander\/","url":"https:\/\/bencard.ch\/fr\/protection-acariens\/options-pour-commander\/","name":"Options pour commander - Bencard AG","isPartOf":{"@id":"https:\/\/bencard.ch\/fr\/#website"},"datePublished":"2017-12-08T13:03:25+00:00","dateModified":"2022-04-20T09:43:41+00:00","breadcrumb":{"@id":"https:\/\/bencard.ch\/fr\/protection-acariens\/options-pour-commander\/#breadcrumb"},"inLanguage":"fr-FR","potentialAction":[{"@type":"ReadAction","target":["https:\/\/bencard.ch\/fr\/protection-acariens\/options-pour-commander\/"]}]},{"@type":"BreadcrumbList","@id":"https:\/\/bencard.ch\/fr\/protection-acariens\/options-pour-commander\/#breadcrumb","itemListElement":[{"@type":"ListItem","position":1,"name":"Home","item":"https:\/\/bencard.ch\/fr\/"},{"@type":"ListItem","position":2,"name":"Protection Acariens","item":"https:\/\/bencard.ch\/fr\/protection-acariens\/"},{"@type":"ListItem","position":3,"name":"Options pour commander"}]},{"@type":"WebSite","@id":"https:\/\/bencard.ch\/fr\/#website","url":"https:\/\/bencard.ch\/fr\/","name":"Bencard","description":"Votre partenaire dans les domaines Allergie et Diagnostic pour laboratoire","publisher":{"@id":"https:\/\/bencard.ch\/fr\/#organization"},"potentialAction":[{"@type":"SearchAction","target":{"@type":"EntryPoint","urlTemplate":"https:\/\/bencard.ch\/fr\/?s={search_term_string}"},"query-input":{"@type":"PropertyValueSpecification","valueRequired":true,"valueName":"search_term_string"}}],"inLanguage":"fr-FR"},{"@type":"Organization","@id":"https:\/\/bencard.ch\/fr\/#organization","name":"Bencard AG","url":"https:\/\/bencard.ch\/fr\/","logo":{"@type":"ImageObject","inLanguage":"fr-FR","@id":"https:\/\/bencard.ch\/fr\/#\/schema\/logo\/image\/","url":"https:\/\/bencard.ch\/wp-content\/uploads\/2020\/06\/Bencard_Logo_cmyk-e1645109838669.png","contentUrl":"https:\/\/bencard.ch\/wp-content\/uploads\/2020\/06\/Bencard_Logo_cmyk-e1645109838669.png","width":289,"height":90,"caption":"Bencard AG"},"image":{"@id":"https:\/\/bencard.ch\/fr\/#\/schema\/logo\/image\/"},"sameAs":["https:\/\/www.linkedin.com\/company\/bencard-ag"]}]}},"_links":{"self":[{"href":"https:\/\/bencard.ch\/fr\/wp-json\/wp\/v2\/pages\/8812","targetHints":{"allow":["GET"]}}],"collection":[{"href":"https:\/\/bencard.ch\/fr\/wp-json\/wp\/v2\/pages"}],"about":[{"href":"https:\/\/bencard.ch\/fr\/wp-json\/wp\/v2\/types\/page"}],"author":[{"embeddable":true,"href":"https:\/\/bencard.ch\/fr\/wp-json\/wp\/v2\/users\/2"}],"replies":[{"embeddable":true,"href":"https:\/\/bencard.ch\/fr\/wp-json\/wp\/v2\/comments?post=8812"}],"version-history":[{"count":5,"href":"https:\/\/bencard.ch\/fr\/wp-json\/wp\/v2\/pages\/8812\/revisions"}],"predecessor-version":[{"id":25780,"href":"https:\/\/bencard.ch\/fr\/wp-json\/wp\/v2\/pages\/8812\/revisions\/25780"}],"up":[{"embeddable":true,"href":"https:\/\/bencard.ch\/fr\/wp-json\/wp\/v2\/pages\/615"}],"wp:attachment":[{"href":"https:\/\/bencard.ch\/fr\/wp-json\/wp\/v2\/media?parent=8812"}],"curies":[{"name":"wp","href":"https:\/\/api.w.org\/{rel}","templated":true}]}}