{"id":8070,"date":"2017-09-06T14:08:42","date_gmt":"2017-09-06T14:08:42","guid":{"rendered":"http:\/\/bencard.dev4.webkoenig.ch\/shop\/160-x-210-cm-duvet\/"},"modified":"2019-06-20T08:35:54","modified_gmt":"2019-06-20T08:35:54","slug":"160-x-210-cm-duvet","status":"publish","type":"product","link":"https:\/\/bencard.ch\/fr\/shop\/160-x-210-cm-duvet\/","title":{"rendered":"160 x 210 cm Duvet"},"content":{"rendered":"<div class=\"wpb-content-wrapper\">[vc_row][vc_column][vc_column_text]Nos duvets sont fabriqu\u00e9s avec un tissu anti-acariens qui les emp\u00eache d\u2019\u00eatre colonis\u00e9 par les acariens.<br \/>\nUne housse suppl\u00e9mentaire pour recouvrir l\u2019oreiller ou le duvet n\u2019est pas n\u00e9cessaire.<\/p>\n<p><strong>Les duvets de Mission:Allergy offrent:<\/strong><\/p>\n<ul>\n<li>Une garantie \u00e0 tr\u00e8s long terme contre la pr\u00e9sence d\u2019acariens<\/li>\n<li>souplesse et chaleur<\/li>\n<li>Une tr\u00e8s bonne qualit\u00e9 du sommeil<\/li>\n<li>Tous les articles sont lavables \u00e0 30 \u00b0 C. S\u00e9chage \u00e0 l\u2019air ambiant ou, encore mieux, dans le s\u00e9choir (Tumbler) \u00e0 faible niveau (avec programme de lavage et des balles de tennis pour \u2018a\u00e9rer\u2019 la proc\u00e9dure).<\/li>\n<\/ul>\n<p>Poids du duvet 160&#215;210 cm: 1550 g<\/p>\n<p><strong>Remplissage:<\/strong><br \/>\nDreamFill\u00ae: fibres creuses, ultrafines, en polyester, tr\u00e8s perm\u00e9able \u00e0 l\u2019air et r\u00e9gularisant l&rsquo;humidit\u00e9. Ils favorisent un climat de sommeil agr\u00e9ablement doux, sec et chaud.<\/p>\n<p><a href=\"http:\/\/bencard.dev4.webkoenig.ch\/fr\/protection-acariens\/#entretien_duvet\" target=\"_blank\" rel=\"noopener noreferrer\"><strong>Mesures d\u2019entretien<\/strong><\/a>[\/vc_column_text][\/vc_column][\/vc_row]\n<\/div>","protected":false},"excerpt":{"rendered":"<p>Duvet pour les personnes allergiques \u00e0 la poussi\u00e8re d\u2019acariens.<\/p>\n","protected":false},"featured_media":653,"comment_status":"closed","ping_status":"closed","template":"","meta":{"_acf_changed":false},"product_brand":[],"product_cat":[42],"product_tag":[59,70,69,61],"class_list":{"0":"post-8070","1":"product","2":"type-product","3":"status-publish","4":"has-post-thumbnail","6":"product_cat-duvets","7":"product_tag-anti-acarien","8":"product_tag-avec-garnissage","9":"product_tag-duvet-fr","10":"product_tag-protection","11":"entry","12":"has-media","14":"first","15":"instock","16":"shipping-taxable","17":"purchasable","18":"product-type-simple","19":"berocket_lgv_grid","20":"berocket_lgv_list_grid"},"acf":[],"yoast_head":"<!-- This site is optimized with the Yoast SEO plugin v27.3 - https:\/\/yoast.com\/product\/yoast-seo-wordpress\/ -->\n<title>160 x 210 cm Duvet - Bencard AG<\/title>\n<meta name=\"robots\" content=\"index, follow, max-snippet:-1, max-image-preview:large, max-video-preview:-1\" \/>\n<link rel=\"canonical\" href=\"https:\/\/bencard.ch\/fr\/shop\/160-x-210-cm-duvet\/\" \/>\n<meta name=\"twitter:label1\" content=\"Dur\u00e9e de lecture estim\u00e9e\" \/>\n\t<meta name=\"twitter:data1\" content=\"1 minute\" \/>\n<script type=\"application\/ld+json\" class=\"yoast-schema-graph\">{\"@context\":\"https:\\\/\\\/schema.org\",\"@graph\":[{\"@type\":\"WebPage\",\"@id\":\"https:\\\/\\\/bencard.ch\\\/fr\\\/shop\\\/160-x-210-cm-duvet\\\/\",\"url\":\"https:\\\/\\\/bencard.ch\\\/fr\\\/shop\\\/160-x-210-cm-duvet\\\/\",\"name\":\"160 x 210 cm Duvet - Bencard AG\",\"isPartOf\":{\"@id\":\"https:\\\/\\\/bencard.ch\\\/fr\\\/#website\"},\"primaryImageOfPage\":{\"@id\":\"https:\\\/\\\/bencard.ch\\\/fr\\\/shop\\\/160-x-210-cm-duvet\\\/#primaryimage\"},\"image\":{\"@id\":\"https:\\\/\\\/bencard.ch\\\/fr\\\/shop\\\/160-x-210-cm-duvet\\\/#primaryimage\"},\"thumbnailUrl\":\"https:\\\/\\\/bencard.ch\\\/wp-content\\\/uploads\\\/2017\\\/07\\\/milbendichtes-duvet.jpg\",\"datePublished\":\"2017-09-06T14:08:42+00:00\",\"dateModified\":\"2019-06-20T08:35:54+00:00\",\"breadcrumb\":{\"@id\":\"https:\\\/\\\/bencard.ch\\\/fr\\\/shop\\\/160-x-210-cm-duvet\\\/#breadcrumb\"},\"inLanguage\":\"fr-FR\",\"potentialAction\":[{\"@type\":\"ReadAction\",\"target\":[\"https:\\\/\\\/bencard.ch\\\/fr\\\/shop\\\/160-x-210-cm-duvet\\\/\"]}]},{\"@type\":\"ImageObject\",\"inLanguage\":\"fr-FR\",\"@id\":\"https:\\\/\\\/bencard.ch\\\/fr\\\/shop\\\/160-x-210-cm-duvet\\\/#primaryimage\",\"url\":\"https:\\\/\\\/bencard.ch\\\/wp-content\\\/uploads\\\/2017\\\/07\\\/milbendichtes-duvet.jpg\",\"contentUrl\":\"https:\\\/\\\/bencard.ch\\\/wp-content\\\/uploads\\\/2017\\\/07\\\/milbendichtes-duvet.jpg\",\"width\":1254,\"height\":1267},{\"@type\":\"BreadcrumbList\",\"@id\":\"https:\\\/\\\/bencard.ch\\\/fr\\\/shop\\\/160-x-210-cm-duvet\\\/#breadcrumb\",\"itemListElement\":[{\"@type\":\"ListItem\",\"position\":1,\"name\":\"Home\",\"item\":\"https:\\\/\\\/bencard.ch\\\/fr\\\/\"},{\"@type\":\"ListItem\",\"position\":2,\"name\":\"Boutique\",\"item\":\"https:\\\/\\\/bencard.ch\\\/fr\\\/protection-acariens\\\/boutique\\\/\"},{\"@type\":\"ListItem\",\"position\":3,\"name\":\"160 x 210 cm Duvet\"}]},{\"@type\":\"WebSite\",\"@id\":\"https:\\\/\\\/bencard.ch\\\/fr\\\/#website\",\"url\":\"https:\\\/\\\/bencard.ch\\\/fr\\\/\",\"name\":\"Bencard\",\"description\":\"Votre partenaire dans les domaines Allergie et Diagnostic pour laboratoire\",\"publisher\":{\"@id\":\"https:\\\/\\\/bencard.ch\\\/fr\\\/#organization\"},\"potentialAction\":[{\"@type\":\"SearchAction\",\"target\":{\"@type\":\"EntryPoint\",\"urlTemplate\":\"https:\\\/\\\/bencard.ch\\\/fr\\\/?s={search_term_string}\"},\"query-input\":{\"@type\":\"PropertyValueSpecification\",\"valueRequired\":true,\"valueName\":\"search_term_string\"}}],\"inLanguage\":\"fr-FR\"},{\"@type\":\"Organization\",\"@id\":\"https:\\\/\\\/bencard.ch\\\/fr\\\/#organization\",\"name\":\"Bencard AG\",\"url\":\"https:\\\/\\\/bencard.ch\\\/fr\\\/\",\"logo\":{\"@type\":\"ImageObject\",\"inLanguage\":\"fr-FR\",\"@id\":\"https:\\\/\\\/bencard.ch\\\/fr\\\/#\\\/schema\\\/logo\\\/image\\\/\",\"url\":\"https:\\\/\\\/bencard.ch\\\/wp-content\\\/uploads\\\/2020\\\/06\\\/Bencard_Logo_cmyk-e1645109838669.png\",\"contentUrl\":\"https:\\\/\\\/bencard.ch\\\/wp-content\\\/uploads\\\/2020\\\/06\\\/Bencard_Logo_cmyk-e1645109838669.png\",\"width\":289,\"height\":90,\"caption\":\"Bencard AG\"},\"image\":{\"@id\":\"https:\\\/\\\/bencard.ch\\\/fr\\\/#\\\/schema\\\/logo\\\/image\\\/\"},\"sameAs\":[\"https:\\\/\\\/www.linkedin.com\\\/company\\\/bencard-ag\"]}]}<\/script>\n<!-- \/ Yoast SEO plugin. -->","yoast_head_json":{"title":"160 x 210 cm Duvet - Bencard AG","robots":{"index":"index","follow":"follow","max-snippet":"max-snippet:-1","max-image-preview":"max-image-preview:large","max-video-preview":"max-video-preview:-1"},"canonical":"https:\/\/bencard.ch\/fr\/shop\/160-x-210-cm-duvet\/","twitter_misc":{"Dur\u00e9e de lecture estim\u00e9e":"1 minute"},"schema":{"@context":"https:\/\/schema.org","@graph":[{"@type":"WebPage","@id":"https:\/\/bencard.ch\/fr\/shop\/160-x-210-cm-duvet\/","url":"https:\/\/bencard.ch\/fr\/shop\/160-x-210-cm-duvet\/","name":"160 x 210 cm Duvet - Bencard AG","isPartOf":{"@id":"https:\/\/bencard.ch\/fr\/#website"},"primaryImageOfPage":{"@id":"https:\/\/bencard.ch\/fr\/shop\/160-x-210-cm-duvet\/#primaryimage"},"image":{"@id":"https:\/\/bencard.ch\/fr\/shop\/160-x-210-cm-duvet\/#primaryimage"},"thumbnailUrl":"https:\/\/bencard.ch\/wp-content\/uploads\/2017\/07\/milbendichtes-duvet.jpg","datePublished":"2017-09-06T14:08:42+00:00","dateModified":"2019-06-20T08:35:54+00:00","breadcrumb":{"@id":"https:\/\/bencard.ch\/fr\/shop\/160-x-210-cm-duvet\/#breadcrumb"},"inLanguage":"fr-FR","potentialAction":[{"@type":"ReadAction","target":["https:\/\/bencard.ch\/fr\/shop\/160-x-210-cm-duvet\/"]}]},{"@type":"ImageObject","inLanguage":"fr-FR","@id":"https:\/\/bencard.ch\/fr\/shop\/160-x-210-cm-duvet\/#primaryimage","url":"https:\/\/bencard.ch\/wp-content\/uploads\/2017\/07\/milbendichtes-duvet.jpg","contentUrl":"https:\/\/bencard.ch\/wp-content\/uploads\/2017\/07\/milbendichtes-duvet.jpg","width":1254,"height":1267},{"@type":"BreadcrumbList","@id":"https:\/\/bencard.ch\/fr\/shop\/160-x-210-cm-duvet\/#breadcrumb","itemListElement":[{"@type":"ListItem","position":1,"name":"Home","item":"https:\/\/bencard.ch\/fr\/"},{"@type":"ListItem","position":2,"name":"Boutique","item":"https:\/\/bencard.ch\/fr\/protection-acariens\/boutique\/"},{"@type":"ListItem","position":3,"name":"160 x 210 cm Duvet"}]},{"@type":"WebSite","@id":"https:\/\/bencard.ch\/fr\/#website","url":"https:\/\/bencard.ch\/fr\/","name":"Bencard","description":"Votre partenaire dans les domaines Allergie et Diagnostic pour laboratoire","publisher":{"@id":"https:\/\/bencard.ch\/fr\/#organization"},"potentialAction":[{"@type":"SearchAction","target":{"@type":"EntryPoint","urlTemplate":"https:\/\/bencard.ch\/fr\/?s={search_term_string}"},"query-input":{"@type":"PropertyValueSpecification","valueRequired":true,"valueName":"search_term_string"}}],"inLanguage":"fr-FR"},{"@type":"Organization","@id":"https:\/\/bencard.ch\/fr\/#organization","name":"Bencard AG","url":"https:\/\/bencard.ch\/fr\/","logo":{"@type":"ImageObject","inLanguage":"fr-FR","@id":"https:\/\/bencard.ch\/fr\/#\/schema\/logo\/image\/","url":"https:\/\/bencard.ch\/wp-content\/uploads\/2020\/06\/Bencard_Logo_cmyk-e1645109838669.png","contentUrl":"https:\/\/bencard.ch\/wp-content\/uploads\/2020\/06\/Bencard_Logo_cmyk-e1645109838669.png","width":289,"height":90,"caption":"Bencard AG"},"image":{"@id":"https:\/\/bencard.ch\/fr\/#\/schema\/logo\/image\/"},"sameAs":["https:\/\/www.linkedin.com\/company\/bencard-ag"]}]}},"_links":{"self":[{"href":"https:\/\/bencard.ch\/fr\/wp-json\/wp\/v2\/product\/8070","targetHints":{"allow":["GET"]}}],"collection":[{"href":"https:\/\/bencard.ch\/fr\/wp-json\/wp\/v2\/product"}],"about":[{"href":"https:\/\/bencard.ch\/fr\/wp-json\/wp\/v2\/types\/product"}],"replies":[{"embeddable":true,"href":"https:\/\/bencard.ch\/fr\/wp-json\/wp\/v2\/comments?post=8070"}],"wp:featuredmedia":[{"embeddable":true,"href":"https:\/\/bencard.ch\/fr\/wp-json\/wp\/v2\/media\/653"}],"wp:attachment":[{"href":"https:\/\/bencard.ch\/fr\/wp-json\/wp\/v2\/media?parent=8070"}],"wp:term":[{"taxonomy":"product_brand","embeddable":true,"href":"https:\/\/bencard.ch\/fr\/wp-json\/wp\/v2\/product_brand?post=8070"},{"taxonomy":"product_cat","embeddable":true,"href":"https:\/\/bencard.ch\/fr\/wp-json\/wp\/v2\/product_cat?post=8070"},{"taxonomy":"product_tag","embeddable":true,"href":"https:\/\/bencard.ch\/fr\/wp-json\/wp\/v2\/product_tag?post=8070"}],"curies":[{"name":"wp","href":"https:\/\/api.w.org\/{rel}","templated":true}]}}