{"id":8283,"date":"2017-09-06T13:00:49","date_gmt":"2017-09-06T13:00:49","guid":{"rendered":"http:\/\/bencard.dev4.webkoenig.ch\/shop\/135-x-200-cm-housse-pour-duvet\/"},"modified":"2020-09-07T11:24:52","modified_gmt":"2020-09-07T11:24:52","slug":"135-x-200-cm-housse-pour-duvet","status":"publish","type":"product","link":"https:\/\/bencard.ch\/fr\/shop\/135-x-200-cm-housse-pour-duvet\/","title":{"rendered":"135 x 200 cm housse pour duvet"},"content":{"rendered":"<div class=\"wpb-content-wrapper\">[vc_row][vc_column][vc_column_text]Les housses pour duvet anti-acariens <strong>Mission:Allergy<\/strong> conservent les acariens existants ainsi que leur poussi\u00e8re d\u2019acariens \u00e0 l&rsquo;int\u00e9rieur du duvet et emp\u00eachent leur migration. Ainsi, la personne allergique est parfaitement prot\u00e9g\u00e9e.<\/p>\n<p>Les <strong>housses Mission:Allergy<\/strong> se caract\u00e9risent par une:<\/p>\n<ul>\n<li>imperm\u00e9abilit\u00e9 aux acariens et \u00e0 leurs allerg\u00e8nes<\/li>\n<li>thermoactivit\u00e9 et une perm\u00e9abilit\u00e9 \u00e0 l\u2019humidit\u00e9 tr\u00e8s fine.<br \/>\nCela est particuli\u00e8rement important pour des personnes transpirant beaucoup durant leur sommeil<\/li>\n<li>perm\u00e9abilit\u00e9 \u00e0 l\u2019air<\/li>\n<li>absence d\u2019enduction<\/li>\n<li>texture l\u00e9g\u00e8re et soyeuse<\/li>\n<li>hydrofugacite. Les gouttes d\u2019eau perleront sur le tissu, mais ce m\u00eame tissu laissera passer la vapeur d\u2019eau.<\/li>\n<li>finition parfaite et renforc\u00e9e des points de coutures et les fermetures \u00e9clair sont recouvertes sous pli<\/li>\n<li>tissu tiss\u00e9 tr\u00e8s serr\u00e9, qui ne permet pas d\u2019\u00eatre lui-m\u00eame colonis\u00e9 par les acariens, comme c\u2019est le cas avec les tissus press\u00e9, <a href=\"https:\/\/bencard.ch\/fr\/protection-acariens\/#videovergleich\" target=\"_blank\" rel=\"noopener noreferrer\">voir ici<\/a><\/li>\n<li><strong>Une combinaison optimale de protection antiacariens, de confort du sommeil et de durabilit\u00e9.<\/strong><\/li>\n<\/ul>\n<p>Envelopper uniquement l\u2019oreiller et le duvet avec la housse de protection et bien refermer avec la fermeture \u00e9clair. Ensuite, faire le lit normalement avec les draps et les parures de lit habituelles.<\/p>\n<p>En mettant la housse, faire attention que du tissu ne se coince pas dans la fermeture \u00e9clair et que la languette m\u00e9tallique soit plaqu\u00e9e sur toute la longueur de celle-ci. Eviter aussi que la housse soit au contact d\u2019\u00e9l\u00e9ments du lit qui pourraient la d\u00e9chirer.<\/p>\n<p><a href=\"https:\/\/bencard.ch\/fr\/protection-acariens\/#qualite\" target=\"_blank\" rel=\"noopener noreferrer\"><strong>Contr\u00f4les qualit\u00e9<\/strong><\/a><\/p>\n<p><a href=\"https:\/\/bencard.ch\/fr\/protection-acariens\/#entretien_housses\" target=\"_blank\" rel=\"noopener noreferrer\"><strong>Mesures d\u2019entretien<\/strong><\/a>[\/vc_column_text][\/vc_column][\/vc_row]\n<\/div>","protected":false},"excerpt":{"rendered":"<p>La housse anti-acariens pour duvet avec fermeture-\u00e9clair pour les personnes allergiques \u00e0 la poussi\u00e8re d\u2019acariens.<\/p>\n","protected":false},"featured_media":7745,"comment_status":"closed","ping_status":"closed","template":"","meta":{"_acf_changed":false},"product_brand":[],"product_cat":[41],"product_tag":[59,69,60,68,61],"class_list":{"0":"post-8283","1":"product","2":"type-product","3":"status-publish","4":"has-post-thumbnail","6":"product_cat-housses-pour-duvets","7":"product_tag-anti-acarien","8":"product_tag-duvet-fr","9":"product_tag-housse","10":"product_tag-housse-fr","11":"product_tag-protection","12":"entry","13":"has-media","15":"first","16":"instock","17":"shipping-taxable","18":"purchasable","19":"product-type-simple","20":"berocket_lgv_grid","21":"berocket_lgv_list_grid"},"acf":[],"yoast_head":"<!-- This site is optimized with the Yoast SEO plugin v27.3 - https:\/\/yoast.com\/product\/yoast-seo-wordpress\/ -->\n<title>135 x 200 cm housse pour duvet - Bencard AG<\/title>\n<meta name=\"robots\" content=\"index, follow, max-snippet:-1, max-image-preview:large, max-video-preview:-1\" \/>\n<link rel=\"canonical\" href=\"https:\/\/bencard.ch\/fr\/shop\/135-x-200-cm-housse-pour-duvet\/\" \/>\n<meta name=\"twitter:label1\" content=\"Dur\u00e9e de lecture estim\u00e9e\" \/>\n\t<meta name=\"twitter:data1\" content=\"1 minute\" \/>\n<script type=\"application\/ld+json\" class=\"yoast-schema-graph\">{\"@context\":\"https:\\\/\\\/schema.org\",\"@graph\":[{\"@type\":\"WebPage\",\"@id\":\"https:\\\/\\\/bencard.ch\\\/fr\\\/shop\\\/135-x-200-cm-housse-pour-duvet\\\/\",\"url\":\"https:\\\/\\\/bencard.ch\\\/fr\\\/shop\\\/135-x-200-cm-housse-pour-duvet\\\/\",\"name\":\"135 x 200 cm housse pour duvet - Bencard AG\",\"isPartOf\":{\"@id\":\"https:\\\/\\\/bencard.ch\\\/fr\\\/#website\"},\"primaryImageOfPage\":{\"@id\":\"https:\\\/\\\/bencard.ch\\\/fr\\\/shop\\\/135-x-200-cm-housse-pour-duvet\\\/#primaryimage\"},\"image\":{\"@id\":\"https:\\\/\\\/bencard.ch\\\/fr\\\/shop\\\/135-x-200-cm-housse-pour-duvet\\\/#primaryimage\"},\"thumbnailUrl\":\"https:\\\/\\\/bencard.ch\\\/wp-content\\\/uploads\\\/2017\\\/07\\\/268_gr.jpg\",\"datePublished\":\"2017-09-06T13:00:49+00:00\",\"dateModified\":\"2020-09-07T11:24:52+00:00\",\"breadcrumb\":{\"@id\":\"https:\\\/\\\/bencard.ch\\\/fr\\\/shop\\\/135-x-200-cm-housse-pour-duvet\\\/#breadcrumb\"},\"inLanguage\":\"fr-FR\",\"potentialAction\":[{\"@type\":\"ReadAction\",\"target\":[\"https:\\\/\\\/bencard.ch\\\/fr\\\/shop\\\/135-x-200-cm-housse-pour-duvet\\\/\"]}]},{\"@type\":\"ImageObject\",\"inLanguage\":\"fr-FR\",\"@id\":\"https:\\\/\\\/bencard.ch\\\/fr\\\/shop\\\/135-x-200-cm-housse-pour-duvet\\\/#primaryimage\",\"url\":\"https:\\\/\\\/bencard.ch\\\/wp-content\\\/uploads\\\/2017\\\/07\\\/268_gr.jpg\",\"contentUrl\":\"https:\\\/\\\/bencard.ch\\\/wp-content\\\/uploads\\\/2017\\\/07\\\/268_gr.jpg\",\"width\":480,\"height\":480,\"caption\":\"housse anti-acarien\"},{\"@type\":\"BreadcrumbList\",\"@id\":\"https:\\\/\\\/bencard.ch\\\/fr\\\/shop\\\/135-x-200-cm-housse-pour-duvet\\\/#breadcrumb\",\"itemListElement\":[{\"@type\":\"ListItem\",\"position\":1,\"name\":\"Home\",\"item\":\"https:\\\/\\\/bencard.ch\\\/fr\\\/\"},{\"@type\":\"ListItem\",\"position\":2,\"name\":\"Boutique\",\"item\":\"https:\\\/\\\/bencard.ch\\\/fr\\\/protection-acariens\\\/boutique\\\/\"},{\"@type\":\"ListItem\",\"position\":3,\"name\":\"135 x 200 cm housse pour duvet\"}]},{\"@type\":\"WebSite\",\"@id\":\"https:\\\/\\\/bencard.ch\\\/fr\\\/#website\",\"url\":\"https:\\\/\\\/bencard.ch\\\/fr\\\/\",\"name\":\"Bencard\",\"description\":\"Votre partenaire dans les domaines Allergie et Diagnostic pour laboratoire\",\"publisher\":{\"@id\":\"https:\\\/\\\/bencard.ch\\\/fr\\\/#organization\"},\"potentialAction\":[{\"@type\":\"SearchAction\",\"target\":{\"@type\":\"EntryPoint\",\"urlTemplate\":\"https:\\\/\\\/bencard.ch\\\/fr\\\/?s={search_term_string}\"},\"query-input\":{\"@type\":\"PropertyValueSpecification\",\"valueRequired\":true,\"valueName\":\"search_term_string\"}}],\"inLanguage\":\"fr-FR\"},{\"@type\":\"Organization\",\"@id\":\"https:\\\/\\\/bencard.ch\\\/fr\\\/#organization\",\"name\":\"Bencard AG\",\"url\":\"https:\\\/\\\/bencard.ch\\\/fr\\\/\",\"logo\":{\"@type\":\"ImageObject\",\"inLanguage\":\"fr-FR\",\"@id\":\"https:\\\/\\\/bencard.ch\\\/fr\\\/#\\\/schema\\\/logo\\\/image\\\/\",\"url\":\"https:\\\/\\\/bencard.ch\\\/wp-content\\\/uploads\\\/2020\\\/06\\\/Bencard_Logo_cmyk-e1645109838669.png\",\"contentUrl\":\"https:\\\/\\\/bencard.ch\\\/wp-content\\\/uploads\\\/2020\\\/06\\\/Bencard_Logo_cmyk-e1645109838669.png\",\"width\":289,\"height\":90,\"caption\":\"Bencard AG\"},\"image\":{\"@id\":\"https:\\\/\\\/bencard.ch\\\/fr\\\/#\\\/schema\\\/logo\\\/image\\\/\"},\"sameAs\":[\"https:\\\/\\\/www.linkedin.com\\\/company\\\/bencard-ag\"]}]}<\/script>\n<!-- \/ Yoast SEO plugin. -->","yoast_head_json":{"title":"135 x 200 cm housse pour duvet - Bencard AG","robots":{"index":"index","follow":"follow","max-snippet":"max-snippet:-1","max-image-preview":"max-image-preview:large","max-video-preview":"max-video-preview:-1"},"canonical":"https:\/\/bencard.ch\/fr\/shop\/135-x-200-cm-housse-pour-duvet\/","twitter_misc":{"Dur\u00e9e de lecture estim\u00e9e":"1 minute"},"schema":{"@context":"https:\/\/schema.org","@graph":[{"@type":"WebPage","@id":"https:\/\/bencard.ch\/fr\/shop\/135-x-200-cm-housse-pour-duvet\/","url":"https:\/\/bencard.ch\/fr\/shop\/135-x-200-cm-housse-pour-duvet\/","name":"135 x 200 cm housse pour duvet - Bencard AG","isPartOf":{"@id":"https:\/\/bencard.ch\/fr\/#website"},"primaryImageOfPage":{"@id":"https:\/\/bencard.ch\/fr\/shop\/135-x-200-cm-housse-pour-duvet\/#primaryimage"},"image":{"@id":"https:\/\/bencard.ch\/fr\/shop\/135-x-200-cm-housse-pour-duvet\/#primaryimage"},"thumbnailUrl":"https:\/\/bencard.ch\/wp-content\/uploads\/2017\/07\/268_gr.jpg","datePublished":"2017-09-06T13:00:49+00:00","dateModified":"2020-09-07T11:24:52+00:00","breadcrumb":{"@id":"https:\/\/bencard.ch\/fr\/shop\/135-x-200-cm-housse-pour-duvet\/#breadcrumb"},"inLanguage":"fr-FR","potentialAction":[{"@type":"ReadAction","target":["https:\/\/bencard.ch\/fr\/shop\/135-x-200-cm-housse-pour-duvet\/"]}]},{"@type":"ImageObject","inLanguage":"fr-FR","@id":"https:\/\/bencard.ch\/fr\/shop\/135-x-200-cm-housse-pour-duvet\/#primaryimage","url":"https:\/\/bencard.ch\/wp-content\/uploads\/2017\/07\/268_gr.jpg","contentUrl":"https:\/\/bencard.ch\/wp-content\/uploads\/2017\/07\/268_gr.jpg","width":480,"height":480,"caption":"housse anti-acarien"},{"@type":"BreadcrumbList","@id":"https:\/\/bencard.ch\/fr\/shop\/135-x-200-cm-housse-pour-duvet\/#breadcrumb","itemListElement":[{"@type":"ListItem","position":1,"name":"Home","item":"https:\/\/bencard.ch\/fr\/"},{"@type":"ListItem","position":2,"name":"Boutique","item":"https:\/\/bencard.ch\/fr\/protection-acariens\/boutique\/"},{"@type":"ListItem","position":3,"name":"135 x 200 cm housse pour duvet"}]},{"@type":"WebSite","@id":"https:\/\/bencard.ch\/fr\/#website","url":"https:\/\/bencard.ch\/fr\/","name":"Bencard","description":"Votre partenaire dans les domaines Allergie et Diagnostic pour laboratoire","publisher":{"@id":"https:\/\/bencard.ch\/fr\/#organization"},"potentialAction":[{"@type":"SearchAction","target":{"@type":"EntryPoint","urlTemplate":"https:\/\/bencard.ch\/fr\/?s={search_term_string}"},"query-input":{"@type":"PropertyValueSpecification","valueRequired":true,"valueName":"search_term_string"}}],"inLanguage":"fr-FR"},{"@type":"Organization","@id":"https:\/\/bencard.ch\/fr\/#organization","name":"Bencard AG","url":"https:\/\/bencard.ch\/fr\/","logo":{"@type":"ImageObject","inLanguage":"fr-FR","@id":"https:\/\/bencard.ch\/fr\/#\/schema\/logo\/image\/","url":"https:\/\/bencard.ch\/wp-content\/uploads\/2020\/06\/Bencard_Logo_cmyk-e1645109838669.png","contentUrl":"https:\/\/bencard.ch\/wp-content\/uploads\/2020\/06\/Bencard_Logo_cmyk-e1645109838669.png","width":289,"height":90,"caption":"Bencard AG"},"image":{"@id":"https:\/\/bencard.ch\/fr\/#\/schema\/logo\/image\/"},"sameAs":["https:\/\/www.linkedin.com\/company\/bencard-ag"]}]}},"_links":{"self":[{"href":"https:\/\/bencard.ch\/fr\/wp-json\/wp\/v2\/product\/8283","targetHints":{"allow":["GET"]}}],"collection":[{"href":"https:\/\/bencard.ch\/fr\/wp-json\/wp\/v2\/product"}],"about":[{"href":"https:\/\/bencard.ch\/fr\/wp-json\/wp\/v2\/types\/product"}],"replies":[{"embeddable":true,"href":"https:\/\/bencard.ch\/fr\/wp-json\/wp\/v2\/comments?post=8283"}],"wp:featuredmedia":[{"embeddable":true,"href":"https:\/\/bencard.ch\/fr\/wp-json\/wp\/v2\/media\/7745"}],"wp:attachment":[{"href":"https:\/\/bencard.ch\/fr\/wp-json\/wp\/v2\/media?parent=8283"}],"wp:term":[{"taxonomy":"product_brand","embeddable":true,"href":"https:\/\/bencard.ch\/fr\/wp-json\/wp\/v2\/product_brand?post=8283"},{"taxonomy":"product_cat","embeddable":true,"href":"https:\/\/bencard.ch\/fr\/wp-json\/wp\/v2\/product_cat?post=8283"},{"taxonomy":"product_tag","embeddable":true,"href":"https:\/\/bencard.ch\/fr\/wp-json\/wp\/v2\/product_tag?post=8283"}],"curies":[{"name":"wp","href":"https:\/\/api.w.org\/{rel}","templated":true}]}}