{"id":8326,"date":"2017-09-06T14:43:02","date_gmt":"2017-09-06T14:43:02","guid":{"rendered":"http:\/\/bencard.dev4.webkoenig.ch\/shop\/180x200x25-cm-drap-housse-de-voyage-pour-matelas\/"},"modified":"2020-09-07T11:15:32","modified_gmt":"2020-09-07T11:15:32","slug":"180x200x25-cm-drap-housse-de-voyage-pour-matelas","status":"publish","type":"product","link":"https:\/\/bencard.ch\/fr\/shop\/180x200x25-cm-drap-housse-de-voyage-pour-matelas\/","title":{"rendered":"180x200x25 cm drap-housse (de voyage) pour matelas"},"content":{"rendered":"<div class=\"wpb-content-wrapper\">[vc_row][vc_column][vc_column_text]Le drap-housse de voyage anti-acariens est id\u00e9al en cas de d\u00e9placement. On le tire simplement par dessus le matelas d\u00e9j\u00e0 couverte et assure une bonne protection contre les acariens.<\/p>\n<p>Un<strong> drap-housse de voyage Mission:Allergy<\/strong> est:<\/p>\n<ul>\n<li>Pratique lors de voyages pour les personnes allergiques aux acariens<br \/>\nthermoactivit\u00e9 et une perm\u00e9abilit\u00e9 \u00e0 l\u2019humidit\u00e9 tr\u00e8s fine<\/li>\n<li>Cela est particuli\u00e8rement important pour des personnes transpirant beaucoup durant leur sommeil<\/li>\n<li>perm\u00e9able \u00e0 l\u2019air<\/li>\n<li>absence d\u2019enduction<\/li>\n<li>texture l\u00e9g\u00e8re et soyeuse<\/li>\n<li>hydrofugacite. Les gouttes d\u2019eau perleront sur le tissu, mais ce m\u00eame tissu laissera passer la vapeur d\u2019eau<\/li>\n<\/ul>\n<p><a href=\"https:\/\/bencard.ch\/fr\/protection-acariens\/#entretien_housses\" target=\"_blank\" rel=\"noopener noreferrer\"><strong>Mesures d\u2019entretien<\/strong><\/a>[\/vc_column_text][\/vc_column][\/vc_row]\n<\/div>","protected":false},"excerpt":{"rendered":"<p>Drap-housse de voyage anti-acariens, avec bande \u00e9lastique, pour les personnes allergiques aux acariens<\/p>\n","protected":false},"featured_media":7770,"comment_status":"closed","ping_status":"closed","template":"","meta":{"_acf_changed":false},"product_brand":[],"product_cat":[44],"product_tag":[59,60,62,61],"class_list":{"0":"post-8326","1":"product","2":"type-product","3":"status-publish","4":"has-post-thumbnail","6":"product_cat-housses-de-voyage","7":"product_tag-anti-acarien","8":"product_tag-housse","9":"product_tag-matelas","10":"product_tag-protection","11":"entry","12":"has-media","14":"first","15":"instock","16":"shipping-taxable","17":"purchasable","18":"product-type-simple","19":"berocket_lgv_grid","20":"berocket_lgv_list_grid"},"acf":[],"yoast_head":"<!-- This site is optimized with the Yoast SEO plugin v27.3 - https:\/\/yoast.com\/product\/yoast-seo-wordpress\/ -->\n<title>180x200x25 cm drap-housse (de voyage) pour matelas - Bencard AG<\/title>\n<meta name=\"robots\" content=\"index, follow, max-snippet:-1, max-image-preview:large, max-video-preview:-1\" \/>\n<link rel=\"canonical\" href=\"https:\/\/bencard.ch\/fr\/shop\/180x200x25-cm-drap-housse-de-voyage-pour-matelas\/\" \/>\n<meta name=\"twitter:label1\" content=\"Dur\u00e9e de lecture estim\u00e9e\" \/>\n\t<meta name=\"twitter:data1\" content=\"1 minute\" \/>\n<script type=\"application\/ld+json\" class=\"yoast-schema-graph\">{\"@context\":\"https:\\\/\\\/schema.org\",\"@graph\":[{\"@type\":\"WebPage\",\"@id\":\"https:\\\/\\\/bencard.ch\\\/fr\\\/shop\\\/180x200x25-cm-drap-housse-de-voyage-pour-matelas\\\/\",\"url\":\"https:\\\/\\\/bencard.ch\\\/fr\\\/shop\\\/180x200x25-cm-drap-housse-de-voyage-pour-matelas\\\/\",\"name\":\"180x200x25 cm drap-housse (de voyage) pour matelas - Bencard AG\",\"isPartOf\":{\"@id\":\"https:\\\/\\\/bencard.ch\\\/fr\\\/#website\"},\"primaryImageOfPage\":{\"@id\":\"https:\\\/\\\/bencard.ch\\\/fr\\\/shop\\\/180x200x25-cm-drap-housse-de-voyage-pour-matelas\\\/#primaryimage\"},\"image\":{\"@id\":\"https:\\\/\\\/bencard.ch\\\/fr\\\/shop\\\/180x200x25-cm-drap-housse-de-voyage-pour-matelas\\\/#primaryimage\"},\"thumbnailUrl\":\"https:\\\/\\\/bencard.ch\\\/wp-content\\\/uploads\\\/2017\\\/09\\\/travelencasing.jpg\",\"datePublished\":\"2017-09-06T14:43:02+00:00\",\"dateModified\":\"2020-09-07T11:15:32+00:00\",\"breadcrumb\":{\"@id\":\"https:\\\/\\\/bencard.ch\\\/fr\\\/shop\\\/180x200x25-cm-drap-housse-de-voyage-pour-matelas\\\/#breadcrumb\"},\"inLanguage\":\"fr-FR\",\"potentialAction\":[{\"@type\":\"ReadAction\",\"target\":[\"https:\\\/\\\/bencard.ch\\\/fr\\\/shop\\\/180x200x25-cm-drap-housse-de-voyage-pour-matelas\\\/\"]}]},{\"@type\":\"ImageObject\",\"inLanguage\":\"fr-FR\",\"@id\":\"https:\\\/\\\/bencard.ch\\\/fr\\\/shop\\\/180x200x25-cm-drap-housse-de-voyage-pour-matelas\\\/#primaryimage\",\"url\":\"https:\\\/\\\/bencard.ch\\\/wp-content\\\/uploads\\\/2017\\\/09\\\/travelencasing.jpg\",\"contentUrl\":\"https:\\\/\\\/bencard.ch\\\/wp-content\\\/uploads\\\/2017\\\/09\\\/travelencasing.jpg\",\"width\":250,\"height\":188,\"caption\":\"drap-housse de voyage\"},{\"@type\":\"BreadcrumbList\",\"@id\":\"https:\\\/\\\/bencard.ch\\\/fr\\\/shop\\\/180x200x25-cm-drap-housse-de-voyage-pour-matelas\\\/#breadcrumb\",\"itemListElement\":[{\"@type\":\"ListItem\",\"position\":1,\"name\":\"Home\",\"item\":\"https:\\\/\\\/bencard.ch\\\/fr\\\/\"},{\"@type\":\"ListItem\",\"position\":2,\"name\":\"Boutique\",\"item\":\"https:\\\/\\\/bencard.ch\\\/fr\\\/protection-acariens\\\/boutique\\\/\"},{\"@type\":\"ListItem\",\"position\":3,\"name\":\"180x200x25 cm drap-housse (de voyage) pour matelas\"}]},{\"@type\":\"WebSite\",\"@id\":\"https:\\\/\\\/bencard.ch\\\/fr\\\/#website\",\"url\":\"https:\\\/\\\/bencard.ch\\\/fr\\\/\",\"name\":\"Bencard\",\"description\":\"Votre partenaire dans les domaines Allergie et Diagnostic pour laboratoire\",\"publisher\":{\"@id\":\"https:\\\/\\\/bencard.ch\\\/fr\\\/#organization\"},\"potentialAction\":[{\"@type\":\"SearchAction\",\"target\":{\"@type\":\"EntryPoint\",\"urlTemplate\":\"https:\\\/\\\/bencard.ch\\\/fr\\\/?s={search_term_string}\"},\"query-input\":{\"@type\":\"PropertyValueSpecification\",\"valueRequired\":true,\"valueName\":\"search_term_string\"}}],\"inLanguage\":\"fr-FR\"},{\"@type\":\"Organization\",\"@id\":\"https:\\\/\\\/bencard.ch\\\/fr\\\/#organization\",\"name\":\"Bencard AG\",\"url\":\"https:\\\/\\\/bencard.ch\\\/fr\\\/\",\"logo\":{\"@type\":\"ImageObject\",\"inLanguage\":\"fr-FR\",\"@id\":\"https:\\\/\\\/bencard.ch\\\/fr\\\/#\\\/schema\\\/logo\\\/image\\\/\",\"url\":\"https:\\\/\\\/bencard.ch\\\/wp-content\\\/uploads\\\/2020\\\/06\\\/Bencard_Logo_cmyk-e1645109838669.png\",\"contentUrl\":\"https:\\\/\\\/bencard.ch\\\/wp-content\\\/uploads\\\/2020\\\/06\\\/Bencard_Logo_cmyk-e1645109838669.png\",\"width\":289,\"height\":90,\"caption\":\"Bencard AG\"},\"image\":{\"@id\":\"https:\\\/\\\/bencard.ch\\\/fr\\\/#\\\/schema\\\/logo\\\/image\\\/\"},\"sameAs\":[\"https:\\\/\\\/www.linkedin.com\\\/company\\\/bencard-ag\"]}]}<\/script>\n<!-- \/ Yoast SEO plugin. -->","yoast_head_json":{"title":"180x200x25 cm drap-housse (de voyage) pour matelas - Bencard AG","robots":{"index":"index","follow":"follow","max-snippet":"max-snippet:-1","max-image-preview":"max-image-preview:large","max-video-preview":"max-video-preview:-1"},"canonical":"https:\/\/bencard.ch\/fr\/shop\/180x200x25-cm-drap-housse-de-voyage-pour-matelas\/","twitter_misc":{"Dur\u00e9e de lecture estim\u00e9e":"1 minute"},"schema":{"@context":"https:\/\/schema.org","@graph":[{"@type":"WebPage","@id":"https:\/\/bencard.ch\/fr\/shop\/180x200x25-cm-drap-housse-de-voyage-pour-matelas\/","url":"https:\/\/bencard.ch\/fr\/shop\/180x200x25-cm-drap-housse-de-voyage-pour-matelas\/","name":"180x200x25 cm drap-housse (de voyage) pour matelas - Bencard AG","isPartOf":{"@id":"https:\/\/bencard.ch\/fr\/#website"},"primaryImageOfPage":{"@id":"https:\/\/bencard.ch\/fr\/shop\/180x200x25-cm-drap-housse-de-voyage-pour-matelas\/#primaryimage"},"image":{"@id":"https:\/\/bencard.ch\/fr\/shop\/180x200x25-cm-drap-housse-de-voyage-pour-matelas\/#primaryimage"},"thumbnailUrl":"https:\/\/bencard.ch\/wp-content\/uploads\/2017\/09\/travelencasing.jpg","datePublished":"2017-09-06T14:43:02+00:00","dateModified":"2020-09-07T11:15:32+00:00","breadcrumb":{"@id":"https:\/\/bencard.ch\/fr\/shop\/180x200x25-cm-drap-housse-de-voyage-pour-matelas\/#breadcrumb"},"inLanguage":"fr-FR","potentialAction":[{"@type":"ReadAction","target":["https:\/\/bencard.ch\/fr\/shop\/180x200x25-cm-drap-housse-de-voyage-pour-matelas\/"]}]},{"@type":"ImageObject","inLanguage":"fr-FR","@id":"https:\/\/bencard.ch\/fr\/shop\/180x200x25-cm-drap-housse-de-voyage-pour-matelas\/#primaryimage","url":"https:\/\/bencard.ch\/wp-content\/uploads\/2017\/09\/travelencasing.jpg","contentUrl":"https:\/\/bencard.ch\/wp-content\/uploads\/2017\/09\/travelencasing.jpg","width":250,"height":188,"caption":"drap-housse de voyage"},{"@type":"BreadcrumbList","@id":"https:\/\/bencard.ch\/fr\/shop\/180x200x25-cm-drap-housse-de-voyage-pour-matelas\/#breadcrumb","itemListElement":[{"@type":"ListItem","position":1,"name":"Home","item":"https:\/\/bencard.ch\/fr\/"},{"@type":"ListItem","position":2,"name":"Boutique","item":"https:\/\/bencard.ch\/fr\/protection-acariens\/boutique\/"},{"@type":"ListItem","position":3,"name":"180x200x25 cm drap-housse (de voyage) pour matelas"}]},{"@type":"WebSite","@id":"https:\/\/bencard.ch\/fr\/#website","url":"https:\/\/bencard.ch\/fr\/","name":"Bencard","description":"Votre partenaire dans les domaines Allergie et Diagnostic pour laboratoire","publisher":{"@id":"https:\/\/bencard.ch\/fr\/#organization"},"potentialAction":[{"@type":"SearchAction","target":{"@type":"EntryPoint","urlTemplate":"https:\/\/bencard.ch\/fr\/?s={search_term_string}"},"query-input":{"@type":"PropertyValueSpecification","valueRequired":true,"valueName":"search_term_string"}}],"inLanguage":"fr-FR"},{"@type":"Organization","@id":"https:\/\/bencard.ch\/fr\/#organization","name":"Bencard AG","url":"https:\/\/bencard.ch\/fr\/","logo":{"@type":"ImageObject","inLanguage":"fr-FR","@id":"https:\/\/bencard.ch\/fr\/#\/schema\/logo\/image\/","url":"https:\/\/bencard.ch\/wp-content\/uploads\/2020\/06\/Bencard_Logo_cmyk-e1645109838669.png","contentUrl":"https:\/\/bencard.ch\/wp-content\/uploads\/2020\/06\/Bencard_Logo_cmyk-e1645109838669.png","width":289,"height":90,"caption":"Bencard AG"},"image":{"@id":"https:\/\/bencard.ch\/fr\/#\/schema\/logo\/image\/"},"sameAs":["https:\/\/www.linkedin.com\/company\/bencard-ag"]}]}},"_links":{"self":[{"href":"https:\/\/bencard.ch\/fr\/wp-json\/wp\/v2\/product\/8326","targetHints":{"allow":["GET"]}}],"collection":[{"href":"https:\/\/bencard.ch\/fr\/wp-json\/wp\/v2\/product"}],"about":[{"href":"https:\/\/bencard.ch\/fr\/wp-json\/wp\/v2\/types\/product"}],"replies":[{"embeddable":true,"href":"https:\/\/bencard.ch\/fr\/wp-json\/wp\/v2\/comments?post=8326"}],"wp:featuredmedia":[{"embeddable":true,"href":"https:\/\/bencard.ch\/fr\/wp-json\/wp\/v2\/media\/7770"}],"wp:attachment":[{"href":"https:\/\/bencard.ch\/fr\/wp-json\/wp\/v2\/media?parent=8326"}],"wp:term":[{"taxonomy":"product_brand","embeddable":true,"href":"https:\/\/bencard.ch\/fr\/wp-json\/wp\/v2\/product_brand?post=8326"},{"taxonomy":"product_cat","embeddable":true,"href":"https:\/\/bencard.ch\/fr\/wp-json\/wp\/v2\/product_cat?post=8326"},{"taxonomy":"product_tag","embeddable":true,"href":"https:\/\/bencard.ch\/fr\/wp-json\/wp\/v2\/product_tag?post=8326"}],"curies":[{"name":"wp","href":"https:\/\/api.w.org\/{rel}","templated":true}]}}