{"id":8331,"date":"2017-09-06T13:51:33","date_gmt":"2017-09-06T13:51:33","guid":{"rendered":"http:\/\/bencard.dev4.webkoenig.ch\/shop\/50-x-70-cm-oreiller\/"},"modified":"2019-06-20T08:57:43","modified_gmt":"2019-06-20T08:57:43","slug":"50-x-70-cm-oreiller","status":"publish","type":"product","link":"https:\/\/bencard.ch\/fr\/shop\/50-x-70-cm-oreiller\/","title":{"rendered":"50 x 70* cm Oreiller"},"content":{"rendered":"<div class=\"wpb-content-wrapper\">[vc_row][vc_column][vc_column_text]Nos oreillers sont fabriqu\u00e9s avec un tissu anti-acariens qui les emp\u00eache d\u2019\u00eatre colonis\u00e9 par les acariens. Une housse suppl\u00e9mentaire pour recouvrir l\u2019oreiller ou le duvet n\u2019est pas n\u00e9cessaire.<\/p>\n<p>Les <strong>oreillers de Mission:Allergy<\/strong> offrent:<\/p>\n<ul>\n<li>souplesse et chaleur<\/li>\n<li>Une tr\u00e8s bonne qualit\u00e9 du sommeil<\/li>\n<li>Tous les articles sont lavables \u00e0 30 \u00b0 C. S\u00e9chage \u00e0 l\u2019air ambiant ou, encore mieux, dans le s\u00e9choir (Tumbler) \u00e0 faible niveau (avec programme de lavage et des balles de tennis pour \u2018a\u00e9rer\u2019 la proc\u00e9dure).<\/li>\n<\/ul>\n<p>Remplissage:<br \/>\nDreamFill\u00ae: fibres creuses, ultrafines, en polyester, tr\u00e8s perm\u00e9able \u00e0 l\u2019air et r\u00e9gularisant l&rsquo;humidit\u00e9. Ils favorisent un climat de sommeil agr\u00e9ablement doux, sec et chaud.<\/p>\n<p><a href=\"https:\/\/bencard.ch\/fr\/protection-acariens\/#entretien_duvet\" target=\"_blank\" rel=\"noopener noreferrer\"><strong>Mesures d\u2019entretien<\/strong><\/a><\/p>\n<p>*dimensions standards aux \u00c9tats-Unis, en r\u00e9alit\u00e9 51 x 66 cm, d&rsquo;o\u00f9 le prix avantageux.[\/vc_column_text][\/vc_column][\/vc_row]\n<\/div>","protected":false},"excerpt":{"rendered":"<p>Oreiller pour les personnes allergiques \u00e0 la poussi\u00e8re d\u2019acariens<\/p>\n","protected":false},"featured_media":655,"comment_status":"closed","ping_status":"closed","template":"","meta":{"_acf_changed":false},"product_brand":[],"product_cat":[43],"product_tag":[59,70,71,61],"class_list":{"0":"post-8331","1":"product","2":"type-product","3":"status-publish","4":"has-post-thumbnail","6":"product_cat-oreillers","7":"product_tag-anti-acarien","8":"product_tag-avec-garnissage","9":"product_tag-oreiller","10":"product_tag-protection","11":"entry","12":"has-media","14":"first","15":"instock","16":"shipping-taxable","17":"purchasable","18":"product-type-simple","19":"berocket_lgv_grid","20":"berocket_lgv_list_grid"},"acf":[],"yoast_head":"<!-- This site is optimized with the Yoast SEO plugin v27.3 - https:\/\/yoast.com\/product\/yoast-seo-wordpress\/ -->\n<title>50 x 70* cm Oreiller - Bencard AG<\/title>\n<meta name=\"robots\" content=\"index, follow, max-snippet:-1, max-image-preview:large, max-video-preview:-1\" \/>\n<link rel=\"canonical\" href=\"https:\/\/bencard.ch\/fr\/shop\/50-x-70-cm-oreiller\/\" \/>\n<meta name=\"twitter:label1\" content=\"Dur\u00e9e de lecture estim\u00e9e\" \/>\n\t<meta name=\"twitter:data1\" content=\"1 minute\" \/>\n<script type=\"application\/ld+json\" class=\"yoast-schema-graph\">{\"@context\":\"https:\\\/\\\/schema.org\",\"@graph\":[{\"@type\":\"WebPage\",\"@id\":\"https:\\\/\\\/bencard.ch\\\/fr\\\/shop\\\/50-x-70-cm-oreiller\\\/\",\"url\":\"https:\\\/\\\/bencard.ch\\\/fr\\\/shop\\\/50-x-70-cm-oreiller\\\/\",\"name\":\"50 x 70* cm Oreiller - Bencard AG\",\"isPartOf\":{\"@id\":\"https:\\\/\\\/bencard.ch\\\/fr\\\/#website\"},\"primaryImageOfPage\":{\"@id\":\"https:\\\/\\\/bencard.ch\\\/fr\\\/shop\\\/50-x-70-cm-oreiller\\\/#primaryimage\"},\"image\":{\"@id\":\"https:\\\/\\\/bencard.ch\\\/fr\\\/shop\\\/50-x-70-cm-oreiller\\\/#primaryimage\"},\"thumbnailUrl\":\"https:\\\/\\\/bencard.ch\\\/wp-content\\\/uploads\\\/2017\\\/07\\\/milbendichtes-kissen-hand.jpg\",\"datePublished\":\"2017-09-06T13:51:33+00:00\",\"dateModified\":\"2019-06-20T08:57:43+00:00\",\"breadcrumb\":{\"@id\":\"https:\\\/\\\/bencard.ch\\\/fr\\\/shop\\\/50-x-70-cm-oreiller\\\/#breadcrumb\"},\"inLanguage\":\"fr-FR\",\"potentialAction\":[{\"@type\":\"ReadAction\",\"target\":[\"https:\\\/\\\/bencard.ch\\\/fr\\\/shop\\\/50-x-70-cm-oreiller\\\/\"]}]},{\"@type\":\"ImageObject\",\"inLanguage\":\"fr-FR\",\"@id\":\"https:\\\/\\\/bencard.ch\\\/fr\\\/shop\\\/50-x-70-cm-oreiller\\\/#primaryimage\",\"url\":\"https:\\\/\\\/bencard.ch\\\/wp-content\\\/uploads\\\/2017\\\/07\\\/milbendichtes-kissen-hand.jpg\",\"contentUrl\":\"https:\\\/\\\/bencard.ch\\\/wp-content\\\/uploads\\\/2017\\\/07\\\/milbendichtes-kissen-hand.jpg\",\"width\":761,\"height\":781},{\"@type\":\"BreadcrumbList\",\"@id\":\"https:\\\/\\\/bencard.ch\\\/fr\\\/shop\\\/50-x-70-cm-oreiller\\\/#breadcrumb\",\"itemListElement\":[{\"@type\":\"ListItem\",\"position\":1,\"name\":\"Home\",\"item\":\"https:\\\/\\\/bencard.ch\\\/fr\\\/\"},{\"@type\":\"ListItem\",\"position\":2,\"name\":\"Boutique\",\"item\":\"https:\\\/\\\/bencard.ch\\\/fr\\\/protection-acariens\\\/boutique\\\/\"},{\"@type\":\"ListItem\",\"position\":3,\"name\":\"50 x 70* cm Oreiller\"}]},{\"@type\":\"WebSite\",\"@id\":\"https:\\\/\\\/bencard.ch\\\/fr\\\/#website\",\"url\":\"https:\\\/\\\/bencard.ch\\\/fr\\\/\",\"name\":\"Bencard\",\"description\":\"Votre partenaire dans les domaines Allergie et Diagnostic pour laboratoire\",\"publisher\":{\"@id\":\"https:\\\/\\\/bencard.ch\\\/fr\\\/#organization\"},\"potentialAction\":[{\"@type\":\"SearchAction\",\"target\":{\"@type\":\"EntryPoint\",\"urlTemplate\":\"https:\\\/\\\/bencard.ch\\\/fr\\\/?s={search_term_string}\"},\"query-input\":{\"@type\":\"PropertyValueSpecification\",\"valueRequired\":true,\"valueName\":\"search_term_string\"}}],\"inLanguage\":\"fr-FR\"},{\"@type\":\"Organization\",\"@id\":\"https:\\\/\\\/bencard.ch\\\/fr\\\/#organization\",\"name\":\"Bencard AG\",\"url\":\"https:\\\/\\\/bencard.ch\\\/fr\\\/\",\"logo\":{\"@type\":\"ImageObject\",\"inLanguage\":\"fr-FR\",\"@id\":\"https:\\\/\\\/bencard.ch\\\/fr\\\/#\\\/schema\\\/logo\\\/image\\\/\",\"url\":\"https:\\\/\\\/bencard.ch\\\/wp-content\\\/uploads\\\/2020\\\/06\\\/Bencard_Logo_cmyk-e1645109838669.png\",\"contentUrl\":\"https:\\\/\\\/bencard.ch\\\/wp-content\\\/uploads\\\/2020\\\/06\\\/Bencard_Logo_cmyk-e1645109838669.png\",\"width\":289,\"height\":90,\"caption\":\"Bencard AG\"},\"image\":{\"@id\":\"https:\\\/\\\/bencard.ch\\\/fr\\\/#\\\/schema\\\/logo\\\/image\\\/\"},\"sameAs\":[\"https:\\\/\\\/www.linkedin.com\\\/company\\\/bencard-ag\"]}]}<\/script>\n<!-- \/ Yoast SEO plugin. -->","yoast_head_json":{"title":"50 x 70* cm Oreiller - Bencard AG","robots":{"index":"index","follow":"follow","max-snippet":"max-snippet:-1","max-image-preview":"max-image-preview:large","max-video-preview":"max-video-preview:-1"},"canonical":"https:\/\/bencard.ch\/fr\/shop\/50-x-70-cm-oreiller\/","twitter_misc":{"Dur\u00e9e de lecture estim\u00e9e":"1 minute"},"schema":{"@context":"https:\/\/schema.org","@graph":[{"@type":"WebPage","@id":"https:\/\/bencard.ch\/fr\/shop\/50-x-70-cm-oreiller\/","url":"https:\/\/bencard.ch\/fr\/shop\/50-x-70-cm-oreiller\/","name":"50 x 70* cm Oreiller - Bencard AG","isPartOf":{"@id":"https:\/\/bencard.ch\/fr\/#website"},"primaryImageOfPage":{"@id":"https:\/\/bencard.ch\/fr\/shop\/50-x-70-cm-oreiller\/#primaryimage"},"image":{"@id":"https:\/\/bencard.ch\/fr\/shop\/50-x-70-cm-oreiller\/#primaryimage"},"thumbnailUrl":"https:\/\/bencard.ch\/wp-content\/uploads\/2017\/07\/milbendichtes-kissen-hand.jpg","datePublished":"2017-09-06T13:51:33+00:00","dateModified":"2019-06-20T08:57:43+00:00","breadcrumb":{"@id":"https:\/\/bencard.ch\/fr\/shop\/50-x-70-cm-oreiller\/#breadcrumb"},"inLanguage":"fr-FR","potentialAction":[{"@type":"ReadAction","target":["https:\/\/bencard.ch\/fr\/shop\/50-x-70-cm-oreiller\/"]}]},{"@type":"ImageObject","inLanguage":"fr-FR","@id":"https:\/\/bencard.ch\/fr\/shop\/50-x-70-cm-oreiller\/#primaryimage","url":"https:\/\/bencard.ch\/wp-content\/uploads\/2017\/07\/milbendichtes-kissen-hand.jpg","contentUrl":"https:\/\/bencard.ch\/wp-content\/uploads\/2017\/07\/milbendichtes-kissen-hand.jpg","width":761,"height":781},{"@type":"BreadcrumbList","@id":"https:\/\/bencard.ch\/fr\/shop\/50-x-70-cm-oreiller\/#breadcrumb","itemListElement":[{"@type":"ListItem","position":1,"name":"Home","item":"https:\/\/bencard.ch\/fr\/"},{"@type":"ListItem","position":2,"name":"Boutique","item":"https:\/\/bencard.ch\/fr\/protection-acariens\/boutique\/"},{"@type":"ListItem","position":3,"name":"50 x 70* cm Oreiller"}]},{"@type":"WebSite","@id":"https:\/\/bencard.ch\/fr\/#website","url":"https:\/\/bencard.ch\/fr\/","name":"Bencard","description":"Votre partenaire dans les domaines Allergie et Diagnostic pour laboratoire","publisher":{"@id":"https:\/\/bencard.ch\/fr\/#organization"},"potentialAction":[{"@type":"SearchAction","target":{"@type":"EntryPoint","urlTemplate":"https:\/\/bencard.ch\/fr\/?s={search_term_string}"},"query-input":{"@type":"PropertyValueSpecification","valueRequired":true,"valueName":"search_term_string"}}],"inLanguage":"fr-FR"},{"@type":"Organization","@id":"https:\/\/bencard.ch\/fr\/#organization","name":"Bencard AG","url":"https:\/\/bencard.ch\/fr\/","logo":{"@type":"ImageObject","inLanguage":"fr-FR","@id":"https:\/\/bencard.ch\/fr\/#\/schema\/logo\/image\/","url":"https:\/\/bencard.ch\/wp-content\/uploads\/2020\/06\/Bencard_Logo_cmyk-e1645109838669.png","contentUrl":"https:\/\/bencard.ch\/wp-content\/uploads\/2020\/06\/Bencard_Logo_cmyk-e1645109838669.png","width":289,"height":90,"caption":"Bencard AG"},"image":{"@id":"https:\/\/bencard.ch\/fr\/#\/schema\/logo\/image\/"},"sameAs":["https:\/\/www.linkedin.com\/company\/bencard-ag"]}]}},"_links":{"self":[{"href":"https:\/\/bencard.ch\/fr\/wp-json\/wp\/v2\/product\/8331","targetHints":{"allow":["GET"]}}],"collection":[{"href":"https:\/\/bencard.ch\/fr\/wp-json\/wp\/v2\/product"}],"about":[{"href":"https:\/\/bencard.ch\/fr\/wp-json\/wp\/v2\/types\/product"}],"replies":[{"embeddable":true,"href":"https:\/\/bencard.ch\/fr\/wp-json\/wp\/v2\/comments?post=8331"}],"wp:featuredmedia":[{"embeddable":true,"href":"https:\/\/bencard.ch\/fr\/wp-json\/wp\/v2\/media\/655"}],"wp:attachment":[{"href":"https:\/\/bencard.ch\/fr\/wp-json\/wp\/v2\/media?parent=8331"}],"wp:term":[{"taxonomy":"product_brand","embeddable":true,"href":"https:\/\/bencard.ch\/fr\/wp-json\/wp\/v2\/product_brand?post=8331"},{"taxonomy":"product_cat","embeddable":true,"href":"https:\/\/bencard.ch\/fr\/wp-json\/wp\/v2\/product_cat?post=8331"},{"taxonomy":"product_tag","embeddable":true,"href":"https:\/\/bencard.ch\/fr\/wp-json\/wp\/v2\/product_tag?post=8331"}],"curies":[{"name":"wp","href":"https:\/\/api.w.org\/{rel}","templated":true}]}}